{"id":69787,"date":"2025-09-23T17:24:13","date_gmt":"2025-09-23T17:24:13","guid":{"rendered":"https:\/\/casafreitas.pt\/loja\/produto\/luz-giratoria-magnetica-led-12-24v-24w-goodyear\/"},"modified":"2025-10-24T00:33:13","modified_gmt":"2025-10-24T00:33:13","slug":"luz-giratoria-magnetica-led-12-24v-24w-goodyear","status":"publish","type":"product","link":"https:\/\/casafreitas.pt\/loja\/produto\/luz-giratoria-magnetica-led-12-24v-24w-goodyear\/","title":{"rendered":"Luz giratoria magn\u00e9tica led 12-24v 24w goodyear"},"content":{"rendered":"","protected":false},"excerpt":{"rendered":"<p>Luz giratoria magn\u00e9tica led 12-24v 24w cor ambar base magn\u00e9tica ip65 no. leds: 8 velocidade: 125 rpm conex\u00e3o isqueiro goodyear<\/p>\n","protected":false},"featured_media":69786,"comment_status":"open","ping_status":"closed","template":"","meta":[],"product_brand":[],"product_cat":[17758,18005],"product_tag":[],"class_list":{"0":"post-69787","1":"product","2":"type-product","3":"status-publish","4":"has-post-thumbnail","6":"product_cat-iluminacao-desporto-e-campismo","7":"product_cat-desporto-campismo","9":"first","10":"instock","11":"taxable","12":"shipping-taxable","13":"purchasable","14":"product-type-simple"},"_links":{"self":[{"href":"https:\/\/casafreitas.pt\/loja\/wp-json\/wp\/v2\/product\/69787","targetHints":{"allow":["GET"]}}],"collection":[{"href":"https:\/\/casafreitas.pt\/loja\/wp-json\/wp\/v2\/product"}],"about":[{"href":"https:\/\/casafreitas.pt\/loja\/wp-json\/wp\/v2\/types\/product"}],"replies":[{"embeddable":true,"href":"https:\/\/casafreitas.pt\/loja\/wp-json\/wp\/v2\/comments?post=69787"}],"version-history":[{"count":1,"href":"https:\/\/casafreitas.pt\/loja\/wp-json\/wp\/v2\/product\/69787\/revisions"}],"predecessor-version":[{"id":69788,"href":"https:\/\/casafreitas.pt\/loja\/wp-json\/wp\/v2\/product\/69787\/revisions\/69788"}],"wp:featuredmedia":[{"embeddable":true,"href":"https:\/\/casafreitas.pt\/loja\/wp-json\/wp\/v2\/media\/69786"}],"wp:attachment":[{"href":"https:\/\/casafreitas.pt\/loja\/wp-json\/wp\/v2\/media?parent=69787"}],"wp:term":[{"taxonomy":"product_brand","embeddable":true,"href":"https:\/\/casafreitas.pt\/loja\/wp-json\/wp\/v2\/product_brand?post=69787"},{"taxonomy":"product_cat","embeddable":true,"href":"https:\/\/casafreitas.pt\/loja\/wp-json\/wp\/v2\/product_cat?post=69787"},{"taxonomy":"product_tag","embeddable":true,"href":"https:\/\/casafreitas.pt\/loja\/wp-json\/wp\/v2\/product_tag?post=69787"}],"curies":[{"name":"wp","href":"https:\/\/api.w.org\/{rel}","templated":true}]}}