{"id":69766,"date":"2025-09-23T17:20:35","date_gmt":"2025-09-23T17:20:35","guid":{"rendered":"https:\/\/casafreitas.pt\/loja\/produto\/cabo-alimentacao-continua-para-beacons-36087-99760-36053\/"},"modified":"2025-10-24T00:33:12","modified_gmt":"2025-10-24T00:33:12","slug":"cabo-alimentacao-continua-para-beacons-36087-99760-36053","status":"publish","type":"product","link":"https:\/\/casafreitas.pt\/loja\/produto\/cabo-alimentacao-continua-para-beacons-36087-99760-36053\/","title":{"rendered":"Cabo de alimenta\u00e7\u00e3o cont\u00ednua para beacons 36087, 99760, 36053"},"content":{"rendered":"","protected":false},"excerpt":{"rendered":"<p>Cabo de alimenta\u00e7\u00e3o dc para sinaliza\u00e7\u00f5es de emerg\u00eancia 36087, 99760, 36053 comprimento 1,5 m tens\u00e3o de entrada 5 v 2 a, sa\u00edda 4,5 v 1,9 a adaptador usb-c inclu\u00eddo 72,5 x 46,6 x 18 mm<\/p>\n","protected":false},"featured_media":69765,"comment_status":"open","ping_status":"closed","template":"","meta":[],"product_brand":[],"product_cat":[17773,18005],"product_tag":[],"class_list":{"0":"post-69766","1":"product","2":"type-product","3":"status-publish","4":"has-post-thumbnail","6":"product_cat-sinais-de-emergencia-desporto-e-campismo","7":"product_cat-desporto-campismo","9":"first","10":"instock","11":"taxable","12":"shipping-taxable","13":"purchasable","14":"product-type-simple"},"_links":{"self":[{"href":"https:\/\/casafreitas.pt\/loja\/wp-json\/wp\/v2\/product\/69766","targetHints":{"allow":["GET"]}}],"collection":[{"href":"https:\/\/casafreitas.pt\/loja\/wp-json\/wp\/v2\/product"}],"about":[{"href":"https:\/\/casafreitas.pt\/loja\/wp-json\/wp\/v2\/types\/product"}],"replies":[{"embeddable":true,"href":"https:\/\/casafreitas.pt\/loja\/wp-json\/wp\/v2\/comments?post=69766"}],"version-history":[{"count":1,"href":"https:\/\/casafreitas.pt\/loja\/wp-json\/wp\/v2\/product\/69766\/revisions"}],"predecessor-version":[{"id":69767,"href":"https:\/\/casafreitas.pt\/loja\/wp-json\/wp\/v2\/product\/69766\/revisions\/69767"}],"wp:featuredmedia":[{"embeddable":true,"href":"https:\/\/casafreitas.pt\/loja\/wp-json\/wp\/v2\/media\/69765"}],"wp:attachment":[{"href":"https:\/\/casafreitas.pt\/loja\/wp-json\/wp\/v2\/media?parent=69766"}],"wp:term":[{"taxonomy":"product_brand","embeddable":true,"href":"https:\/\/casafreitas.pt\/loja\/wp-json\/wp\/v2\/product_brand?post=69766"},{"taxonomy":"product_cat","embeddable":true,"href":"https:\/\/casafreitas.pt\/loja\/wp-json\/wp\/v2\/product_cat?post=69766"},{"taxonomy":"product_tag","embeddable":true,"href":"https:\/\/casafreitas.pt\/loja\/wp-json\/wp\/v2\/product_tag?post=69766"}],"curies":[{"name":"wp","href":"https:\/\/api.w.org\/{rel}","templated":true}]}}