{"id":68395,"date":"2025-09-23T16:26:56","date_gmt":"2025-09-23T16:26:56","guid":{"rendered":"https:\/\/casafreitas.pt\/loja\/produto\/substituicao-de-aluminio-para-fio-2-5mm-nite-ize\/"},"modified":"2025-10-24T00:32:03","modified_gmt":"2025-10-24T00:32:03","slug":"substituicao-de-aluminio-para-fio-2-5mm-nite-ize","status":"publish","type":"product","link":"https:\/\/casafreitas.pt\/loja\/produto\/substituicao-de-aluminio-para-fio-2-5mm-nite-ize\/","title":{"rendered":"Substitui\u00e7\u00e3o de n\u00f3s de alum\u00ednio para fio 2-5mm. nite ize"},"content":{"rendered":"","protected":false},"excerpt":{"rendered":"<p>N\u00f3 de alum\u00ednio substituto para corda de 2-5mm, carga m\u00e1xima 127kg. projetado para travar com seguran\u00e7a no lugar com um simples puxo de uma corda, o nite ize camjam \u00e9 uma maneira f\u00e1cil e sem n\u00f3s de apertar, tensionar e segura cargas leves de todos os tipos. feito de pl\u00e1stico resistente e dur\u00e1vel, apresenta um mosquet\u00e3o com port\u00e3o de a\u00e7o inoxid\u00e1vel em uma extremidade e um mecanismo de cam girat\u00f3rio e nervado na outra. apenas ancorar o mosquet\u00e3o em qualquer gancho, anel d ou la\u00e7o e passar o cabo pelo cam at\u00e9 atingir o n\u00edvel de tens\u00e3o desejado. puxe com firmeza e o cam ir\u00e1 travar no lugar e permanecer bloqueado at\u00e9 voc\u00ea liber\u00e1-lo, girando-o. f\u00e1cil de ajustar e reajustar, o camjam \u00e9 feito para ser usado e reutilizado centenas de vezes, de centenas de maneiras. fixado em an\u00e9is e ganchos, \u00e9 excel<\/p>\n","protected":false},"featured_media":68394,"comment_status":"open","ping_status":"closed","template":"","meta":[],"product_brand":[],"product_cat":[17754,18005],"product_tag":[],"class_list":{"0":"post-68395","1":"product","2":"type-product","3":"status-publish","4":"has-post-thumbnail","6":"product_cat-elastico-com-gancho-correias-de-amarre-desporto-e-campismo","7":"product_cat-desporto-campismo","9":"first","10":"instock","11":"taxable","12":"shipping-taxable","13":"purchasable","14":"product-type-simple"},"_links":{"self":[{"href":"https:\/\/casafreitas.pt\/loja\/wp-json\/wp\/v2\/product\/68395","targetHints":{"allow":["GET"]}}],"collection":[{"href":"https:\/\/casafreitas.pt\/loja\/wp-json\/wp\/v2\/product"}],"about":[{"href":"https:\/\/casafreitas.pt\/loja\/wp-json\/wp\/v2\/types\/product"}],"replies":[{"embeddable":true,"href":"https:\/\/casafreitas.pt\/loja\/wp-json\/wp\/v2\/comments?post=68395"}],"version-history":[{"count":1,"href":"https:\/\/casafreitas.pt\/loja\/wp-json\/wp\/v2\/product\/68395\/revisions"}],"predecessor-version":[{"id":68396,"href":"https:\/\/casafreitas.pt\/loja\/wp-json\/wp\/v2\/product\/68395\/revisions\/68396"}],"wp:featuredmedia":[{"embeddable":true,"href":"https:\/\/casafreitas.pt\/loja\/wp-json\/wp\/v2\/media\/68394"}],"wp:attachment":[{"href":"https:\/\/casafreitas.pt\/loja\/wp-json\/wp\/v2\/media?parent=68395"}],"wp:term":[{"taxonomy":"product_brand","embeddable":true,"href":"https:\/\/casafreitas.pt\/loja\/wp-json\/wp\/v2\/product_brand?post=68395"},{"taxonomy":"product_cat","embeddable":true,"href":"https:\/\/casafreitas.pt\/loja\/wp-json\/wp\/v2\/product_cat?post=68395"},{"taxonomy":"product_tag","embeddable":true,"href":"https:\/\/casafreitas.pt\/loja\/wp-json\/wp\/v2\/product_tag?post=68395"}],"curies":[{"name":"wp","href":"https:\/\/api.w.org\/{rel}","templated":true}]}}