{"id":67894,"date":"2025-09-23T16:07:30","date_gmt":"2025-09-23T16:07:30","guid":{"rendered":"https:\/\/casafreitas.pt\/loja\/produto\/cabo-eletrico-6x075mm-50v-preto-euro-m-100m\/"},"modified":"2025-10-24T00:31:35","modified_gmt":"2025-10-24T00:31:35","slug":"cabo-eletrico-6x075mm-50v-preto-euro-m-100m","status":"publish","type":"product","link":"https:\/\/casafreitas.pt\/loja\/produto\/cabo-eletrico-6x075mm-50v-preto-euro-m-100m\/","title":{"rendered":"Cabo el\u00e9trico 6&#215;0,75mm 50v preto euro\/m 100m"},"content":{"rendered":"","protected":false},"excerpt":{"rendered":"<p>Cabo el\u00e9trico 6&#215;0,75mm 50v preto euro\/m 100m. especial para ve\u00edculos agr\u00edcolas, caravanas e autom\u00f3veis.<\/p>\n","protected":false},"featured_media":67893,"comment_status":"open","ping_status":"closed","template":"","meta":[],"product_brand":[],"product_cat":[1748,17314],"product_tag":[],"class_list":{"0":"post-67894","1":"product","2":"type-product","3":"status-publish","4":"has-post-thumbnail","6":"product_cat-acessorios-e-baterias-e-material-eletrico","7":"product_cat-cabo-redondo-acessorios-e-baterias-e-material-eletrico","9":"first","10":"instock","11":"taxable","12":"shipping-taxable","13":"purchasable","14":"product-type-simple"},"_links":{"self":[{"href":"https:\/\/casafreitas.pt\/loja\/wp-json\/wp\/v2\/product\/67894","targetHints":{"allow":["GET"]}}],"collection":[{"href":"https:\/\/casafreitas.pt\/loja\/wp-json\/wp\/v2\/product"}],"about":[{"href":"https:\/\/casafreitas.pt\/loja\/wp-json\/wp\/v2\/types\/product"}],"replies":[{"embeddable":true,"href":"https:\/\/casafreitas.pt\/loja\/wp-json\/wp\/v2\/comments?post=67894"}],"version-history":[{"count":1,"href":"https:\/\/casafreitas.pt\/loja\/wp-json\/wp\/v2\/product\/67894\/revisions"}],"predecessor-version":[{"id":67895,"href":"https:\/\/casafreitas.pt\/loja\/wp-json\/wp\/v2\/product\/67894\/revisions\/67895"}],"wp:featuredmedia":[{"embeddable":true,"href":"https:\/\/casafreitas.pt\/loja\/wp-json\/wp\/v2\/media\/67893"}],"wp:attachment":[{"href":"https:\/\/casafreitas.pt\/loja\/wp-json\/wp\/v2\/media?parent=67894"}],"wp:term":[{"taxonomy":"product_brand","embeddable":true,"href":"https:\/\/casafreitas.pt\/loja\/wp-json\/wp\/v2\/product_brand?post=67894"},{"taxonomy":"product_cat","embeddable":true,"href":"https:\/\/casafreitas.pt\/loja\/wp-json\/wp\/v2\/product_cat?post=67894"},{"taxonomy":"product_tag","embeddable":true,"href":"https:\/\/casafreitas.pt\/loja\/wp-json\/wp\/v2\/product_tag?post=67894"}],"curies":[{"name":"wp","href":"https:\/\/api.w.org\/{rel}","templated":true}]}}