{"id":67735,"date":"2025-09-23T16:00:47","date_gmt":"2025-09-23T16:00:47","guid":{"rendered":"https:\/\/casafreitas.pt\/loja\/produto\/fogao-gas-esmaltado-3-queimadores-edm\/"},"modified":"2025-10-24T00:31:27","modified_gmt":"2025-10-24T00:31:27","slug":"fogao-gas-esmaltado-3-queimadores-edm","status":"publish","type":"product","link":"https:\/\/casafreitas.pt\/loja\/produto\/fogao-gas-esmaltado-3-queimadores-edm\/","title":{"rendered":"Fog\u00e3o de g\u00e1s esmaltado 3 queimadores edm"},"content":{"rendered":"","protected":false},"excerpt":{"rendered":"<p>Fog\u00e3o de g\u00e1s esmaltado 3 queimadores. 1 queimador de \u00f850mm + 1 queimador de 65mm + 1 queimador \u00f875mm. cor branco. para ser usado somente com g\u00e1s butano e somente em exteriores. medidas: 60 x 37 x 10 cm (largura\/profundidade\/altura) edm<\/p>\n","protected":false},"featured_media":67734,"comment_status":"open","ping_status":"closed","template":"","meta":[],"product_brand":[],"product_cat":[12416,18005],"product_tag":[],"class_list":{"0":"post-67735","1":"product","2":"type-product","3":"status-publish","4":"has-post-thumbnail","6":"product_cat-fogoes-a-gas","7":"product_cat-desporto-campismo","9":"first","10":"instock","11":"taxable","12":"shipping-taxable","13":"purchasable","14":"product-type-simple"},"_links":{"self":[{"href":"https:\/\/casafreitas.pt\/loja\/wp-json\/wp\/v2\/product\/67735","targetHints":{"allow":["GET"]}}],"collection":[{"href":"https:\/\/casafreitas.pt\/loja\/wp-json\/wp\/v2\/product"}],"about":[{"href":"https:\/\/casafreitas.pt\/loja\/wp-json\/wp\/v2\/types\/product"}],"replies":[{"embeddable":true,"href":"https:\/\/casafreitas.pt\/loja\/wp-json\/wp\/v2\/comments?post=67735"}],"version-history":[{"count":1,"href":"https:\/\/casafreitas.pt\/loja\/wp-json\/wp\/v2\/product\/67735\/revisions"}],"predecessor-version":[{"id":67736,"href":"https:\/\/casafreitas.pt\/loja\/wp-json\/wp\/v2\/product\/67735\/revisions\/67736"}],"wp:featuredmedia":[{"embeddable":true,"href":"https:\/\/casafreitas.pt\/loja\/wp-json\/wp\/v2\/media\/67734"}],"wp:attachment":[{"href":"https:\/\/casafreitas.pt\/loja\/wp-json\/wp\/v2\/media?parent=67735"}],"wp:term":[{"taxonomy":"product_brand","embeddable":true,"href":"https:\/\/casafreitas.pt\/loja\/wp-json\/wp\/v2\/product_brand?post=67735"},{"taxonomy":"product_cat","embeddable":true,"href":"https:\/\/casafreitas.pt\/loja\/wp-json\/wp\/v2\/product_cat?post=67735"},{"taxonomy":"product_tag","embeddable":true,"href":"https:\/\/casafreitas.pt\/loja\/wp-json\/wp\/v2\/product_tag?post=67735"}],"curies":[{"name":"wp","href":"https:\/\/api.w.org\/{rel}","templated":true}]}}