{"id":67729,"date":"2025-09-23T16:00:33","date_gmt":"2025-09-23T16:00:33","guid":{"rendered":"https:\/\/casafreitas.pt\/loja\/produto\/fogao-gas-esmaltado-1-queimador\/"},"modified":"2025-10-24T00:31:27","modified_gmt":"2025-10-24T00:31:27","slug":"fogao-gas-esmaltado-1-queimador","status":"publish","type":"product","link":"https:\/\/casafreitas.pt\/loja\/produto\/fogao-gas-esmaltado-1-queimador\/","title":{"rendered":"Fog\u00e3o de g\u00e1s esmaltado 1 queimador"},"content":{"rendered":"","protected":false},"excerpt":{"rendered":"<p>Fog\u00e3o de g\u00e1s esmaltado 1 queimador. 1 queimador de \u00f875mm. cor branco. para ser usado somente com g\u00e1s butano e somente em exteriores. medidas: 32 x 33 x 8 cm<\/p>\n","protected":false},"featured_media":67728,"comment_status":"open","ping_status":"closed","template":"","meta":[],"product_brand":[],"product_cat":[12416,18005],"product_tag":[],"class_list":{"0":"post-67729","1":"product","2":"type-product","3":"status-publish","4":"has-post-thumbnail","6":"product_cat-fogoes-a-gas","7":"product_cat-desporto-campismo","9":"first","10":"instock","11":"taxable","12":"shipping-taxable","13":"purchasable","14":"product-type-simple"},"_links":{"self":[{"href":"https:\/\/casafreitas.pt\/loja\/wp-json\/wp\/v2\/product\/67729","targetHints":{"allow":["GET"]}}],"collection":[{"href":"https:\/\/casafreitas.pt\/loja\/wp-json\/wp\/v2\/product"}],"about":[{"href":"https:\/\/casafreitas.pt\/loja\/wp-json\/wp\/v2\/types\/product"}],"replies":[{"embeddable":true,"href":"https:\/\/casafreitas.pt\/loja\/wp-json\/wp\/v2\/comments?post=67729"}],"version-history":[{"count":1,"href":"https:\/\/casafreitas.pt\/loja\/wp-json\/wp\/v2\/product\/67729\/revisions"}],"predecessor-version":[{"id":67730,"href":"https:\/\/casafreitas.pt\/loja\/wp-json\/wp\/v2\/product\/67729\/revisions\/67730"}],"wp:featuredmedia":[{"embeddable":true,"href":"https:\/\/casafreitas.pt\/loja\/wp-json\/wp\/v2\/media\/67728"}],"wp:attachment":[{"href":"https:\/\/casafreitas.pt\/loja\/wp-json\/wp\/v2\/media?parent=67729"}],"wp:term":[{"taxonomy":"product_brand","embeddable":true,"href":"https:\/\/casafreitas.pt\/loja\/wp-json\/wp\/v2\/product_brand?post=67729"},{"taxonomy":"product_cat","embeddable":true,"href":"https:\/\/casafreitas.pt\/loja\/wp-json\/wp\/v2\/product_cat?post=67729"},{"taxonomy":"product_tag","embeddable":true,"href":"https:\/\/casafreitas.pt\/loja\/wp-json\/wp\/v2\/product_tag?post=67729"}],"curies":[{"name":"wp","href":"https:\/\/api.w.org\/{rel}","templated":true}]}}