{"id":67684,"date":"2025-09-23T14:58:26","date_gmt":"2025-09-23T14:58:26","guid":{"rendered":"https:\/\/casafreitas.pt\/loja\/produto\/pattex-ja-nao-pregos-descolam-44g\/"},"modified":"2025-10-24T00:31:25","modified_gmt":"2025-10-24T00:31:25","slug":"pattex-ja-nao-pregos-descolam-44g","status":"publish","type":"product","link":"https:\/\/casafreitas.pt\/loja\/produto\/pattex-ja-nao-pregos-descolam-44g\/","title":{"rendered":"Pattex j\u00e1 n\u00e3o pregos descolam 44g"},"content":{"rendered":"","protected":false},"excerpt":{"rendered":"<p>Pattex no more nails peel, adesivo de montagem forte e facilmente remov\u00edvel, cola resistente \u00e0 \u00e1gua com um poder de fixa\u00e7\u00e3o at\u00e9 6 kg e alta ader\u00eancia inicial, para materiais n\u00e3o porosos e porosos r\u00edgidos, transparente, 44 g<\/p>\n","protected":false},"featured_media":67683,"comment_status":"open","ping_status":"closed","template":"","meta":[],"product_brand":[],"product_cat":[12391,18004],"product_tag":[],"class_list":{"0":"post-67684","1":"product","2":"type-product","3":"status-publish","4":"has-post-thumbnail","6":"product_cat-adesivos-de-montagem","7":"product_cat-construcao","9":"first","10":"instock","11":"taxable","12":"shipping-taxable","13":"purchasable","14":"product-type-simple"},"_links":{"self":[{"href":"https:\/\/casafreitas.pt\/loja\/wp-json\/wp\/v2\/product\/67684","targetHints":{"allow":["GET"]}}],"collection":[{"href":"https:\/\/casafreitas.pt\/loja\/wp-json\/wp\/v2\/product"}],"about":[{"href":"https:\/\/casafreitas.pt\/loja\/wp-json\/wp\/v2\/types\/product"}],"replies":[{"embeddable":true,"href":"https:\/\/casafreitas.pt\/loja\/wp-json\/wp\/v2\/comments?post=67684"}],"version-history":[{"count":1,"href":"https:\/\/casafreitas.pt\/loja\/wp-json\/wp\/v2\/product\/67684\/revisions"}],"predecessor-version":[{"id":67685,"href":"https:\/\/casafreitas.pt\/loja\/wp-json\/wp\/v2\/product\/67684\/revisions\/67685"}],"wp:featuredmedia":[{"embeddable":true,"href":"https:\/\/casafreitas.pt\/loja\/wp-json\/wp\/v2\/media\/67683"}],"wp:attachment":[{"href":"https:\/\/casafreitas.pt\/loja\/wp-json\/wp\/v2\/media?parent=67684"}],"wp:term":[{"taxonomy":"product_brand","embeddable":true,"href":"https:\/\/casafreitas.pt\/loja\/wp-json\/wp\/v2\/product_brand?post=67684"},{"taxonomy":"product_cat","embeddable":true,"href":"https:\/\/casafreitas.pt\/loja\/wp-json\/wp\/v2\/product_cat?post=67684"},{"taxonomy":"product_tag","embeddable":true,"href":"https:\/\/casafreitas.pt\/loja\/wp-json\/wp\/v2\/product_tag?post=67684"}],"curies":[{"name":"wp","href":"https:\/\/api.w.org\/{rel}","templated":true}]}}