{"id":67609,"date":"2025-09-23T14:48:58","date_gmt":"2025-09-23T14:48:58","guid":{"rendered":"https:\/\/casafreitas.pt\/loja\/produto\/pattex-nural-21-22ml-2662490\/"},"modified":"2025-10-24T00:31:20","modified_gmt":"2025-10-24T00:31:20","slug":"pattex-nural-21-22ml-2662490","status":"publish","type":"product","link":"https:\/\/casafreitas.pt\/loja\/produto\/pattex-nural-21-22ml-2662490\/","title":{"rendered":"Pattex nural 21 22ml 2662490"},"content":{"rendered":"","protected":false},"excerpt":{"rendered":"<p>Pattex nural 21 22ml, soldadura met\u00e1lica em frio de grande resist\u00eancia, formulada especialmente para colar e reparar metais. tempo de mistura: disp\u00f5e de 40 minutos para misturar e aplicar o produto. tempo de endurecimento 12 horas. cor cinzenta a rotulagem nao esta em portugues<\/p>\n","protected":false},"featured_media":67608,"comment_status":"open","ping_status":"closed","template":"","meta":[],"product_brand":[],"product_cat":[12410,18004],"product_tag":[],"class_list":{"0":"post-67609","1":"product","2":"type-product","3":"status-publish","4":"has-post-thumbnail","6":"product_cat-adesivos-bicomponentes","7":"product_cat-construcao","9":"first","10":"instock","11":"taxable","12":"shipping-taxable","13":"purchasable","14":"product-type-simple"},"_links":{"self":[{"href":"https:\/\/casafreitas.pt\/loja\/wp-json\/wp\/v2\/product\/67609","targetHints":{"allow":["GET"]}}],"collection":[{"href":"https:\/\/casafreitas.pt\/loja\/wp-json\/wp\/v2\/product"}],"about":[{"href":"https:\/\/casafreitas.pt\/loja\/wp-json\/wp\/v2\/types\/product"}],"replies":[{"embeddable":true,"href":"https:\/\/casafreitas.pt\/loja\/wp-json\/wp\/v2\/comments?post=67609"}],"version-history":[{"count":1,"href":"https:\/\/casafreitas.pt\/loja\/wp-json\/wp\/v2\/product\/67609\/revisions"}],"predecessor-version":[{"id":67610,"href":"https:\/\/casafreitas.pt\/loja\/wp-json\/wp\/v2\/product\/67609\/revisions\/67610"}],"wp:featuredmedia":[{"embeddable":true,"href":"https:\/\/casafreitas.pt\/loja\/wp-json\/wp\/v2\/media\/67608"}],"wp:attachment":[{"href":"https:\/\/casafreitas.pt\/loja\/wp-json\/wp\/v2\/media?parent=67609"}],"wp:term":[{"taxonomy":"product_brand","embeddable":true,"href":"https:\/\/casafreitas.pt\/loja\/wp-json\/wp\/v2\/product_brand?post=67609"},{"taxonomy":"product_cat","embeddable":true,"href":"https:\/\/casafreitas.pt\/loja\/wp-json\/wp\/v2\/product_cat?post=67609"},{"taxonomy":"product_tag","embeddable":true,"href":"https:\/\/casafreitas.pt\/loja\/wp-json\/wp\/v2\/product_tag?post=67609"}],"curies":[{"name":"wp","href":"https:\/\/api.w.org\/{rel}","templated":true}]}}