{"id":67507,"date":"2025-09-23T14:45:14","date_gmt":"2025-09-23T14:45:14","guid":{"rendered":"https:\/\/casafreitas.pt\/loja\/produto\/espuma-para-telhas-canula-cinza-750-ml\/"},"modified":"2025-10-24T00:31:14","modified_gmt":"2025-10-24T00:31:14","slug":"espuma-para-telhas-canula-cinza-750-ml","status":"publish","type":"product","link":"https:\/\/casafreitas.pt\/loja\/produto\/espuma-para-telhas-canula-cinza-750-ml\/","title":{"rendered":"Espuma para telhas c\u00e1nula cinza 750 ml"},"content":{"rendered":"","protected":false},"excerpt":{"rendered":"<p>Espuma para telhas c\u00e1nula cinza 750 ml. espuma adesiva de baixa expans\u00e3o para colagem r\u00e1pida de telhas ou pain\u00e9is de telhado em suportes como concreto, tijolos, metal, madeira, chapas isolantes ou pvc. resistente ao gelo, ao calor e \u00e0 a\u00e7\u00e3o do vento.<\/p>\n","protected":false},"featured_media":67506,"comment_status":"open","ping_status":"closed","template":"","meta":[],"product_brand":[],"product_cat":[17559,18004],"product_tag":[],"class_list":{"0":"post-67507","1":"product","2":"type-product","3":"status-publish","4":"has-post-thumbnail","6":"product_cat-espumas-pistolas-poliuretano-construcao","7":"product_cat-construcao","9":"first","10":"instock","11":"taxable","12":"shipping-taxable","13":"purchasable","14":"product-type-simple"},"_links":{"self":[{"href":"https:\/\/casafreitas.pt\/loja\/wp-json\/wp\/v2\/product\/67507","targetHints":{"allow":["GET"]}}],"collection":[{"href":"https:\/\/casafreitas.pt\/loja\/wp-json\/wp\/v2\/product"}],"about":[{"href":"https:\/\/casafreitas.pt\/loja\/wp-json\/wp\/v2\/types\/product"}],"replies":[{"embeddable":true,"href":"https:\/\/casafreitas.pt\/loja\/wp-json\/wp\/v2\/comments?post=67507"}],"version-history":[{"count":1,"href":"https:\/\/casafreitas.pt\/loja\/wp-json\/wp\/v2\/product\/67507\/revisions"}],"predecessor-version":[{"id":67508,"href":"https:\/\/casafreitas.pt\/loja\/wp-json\/wp\/v2\/product\/67507\/revisions\/67508"}],"wp:featuredmedia":[{"embeddable":true,"href":"https:\/\/casafreitas.pt\/loja\/wp-json\/wp\/v2\/media\/67506"}],"wp:attachment":[{"href":"https:\/\/casafreitas.pt\/loja\/wp-json\/wp\/v2\/media?parent=67507"}],"wp:term":[{"taxonomy":"product_brand","embeddable":true,"href":"https:\/\/casafreitas.pt\/loja\/wp-json\/wp\/v2\/product_brand?post=67507"},{"taxonomy":"product_cat","embeddable":true,"href":"https:\/\/casafreitas.pt\/loja\/wp-json\/wp\/v2\/product_cat?post=67507"},{"taxonomy":"product_tag","embeddable":true,"href":"https:\/\/casafreitas.pt\/loja\/wp-json\/wp\/v2\/product_tag?post=67507"}],"curies":[{"name":"wp","href":"https:\/\/api.w.org\/{rel}","templated":true}]}}