{"id":67501,"date":"2025-09-23T14:45:03","date_gmt":"2025-09-23T14:45:03","guid":{"rendered":"https:\/\/casafreitas.pt\/loja\/produto\/espuma-adesiva-soudabon-turbo-pistola-750-ml\/"},"modified":"2025-10-24T00:31:14","modified_gmt":"2025-10-24T00:31:14","slug":"espuma-adesiva-soudabon-turbo-pistola-750-ml","status":"publish","type":"product","link":"https:\/\/casafreitas.pt\/loja\/produto\/espuma-adesiva-soudabon-turbo-pistola-750-ml\/","title":{"rendered":"Espuma adesiva soudabon turbo pistola 750 ml"},"content":{"rendered":"","protected":false},"excerpt":{"rendered":"<p>Espuma adesiva soudabon turbo pistola 750 ml. \u00e9 uma espuma adesiva de poliuretano monocomponente, limpa, eficiente e econ\u00f4mica de paineis isolantes com outros materiais de constru\u00e7\u00e3o na edifica\u00e7\u00e3o e na constru\u00e7\u00e3o.<\/p>\n","protected":false},"featured_media":67500,"comment_status":"open","ping_status":"closed","template":"","meta":[],"product_brand":[],"product_cat":[17559,18004],"product_tag":[],"class_list":{"0":"post-67501","1":"product","2":"type-product","3":"status-publish","4":"has-post-thumbnail","6":"product_cat-espumas-pistolas-poliuretano-construcao","7":"product_cat-construcao","9":"first","10":"instock","11":"taxable","12":"shipping-taxable","13":"purchasable","14":"product-type-simple"},"_links":{"self":[{"href":"https:\/\/casafreitas.pt\/loja\/wp-json\/wp\/v2\/product\/67501","targetHints":{"allow":["GET"]}}],"collection":[{"href":"https:\/\/casafreitas.pt\/loja\/wp-json\/wp\/v2\/product"}],"about":[{"href":"https:\/\/casafreitas.pt\/loja\/wp-json\/wp\/v2\/types\/product"}],"replies":[{"embeddable":true,"href":"https:\/\/casafreitas.pt\/loja\/wp-json\/wp\/v2\/comments?post=67501"}],"version-history":[{"count":1,"href":"https:\/\/casafreitas.pt\/loja\/wp-json\/wp\/v2\/product\/67501\/revisions"}],"predecessor-version":[{"id":67502,"href":"https:\/\/casafreitas.pt\/loja\/wp-json\/wp\/v2\/product\/67501\/revisions\/67502"}],"wp:featuredmedia":[{"embeddable":true,"href":"https:\/\/casafreitas.pt\/loja\/wp-json\/wp\/v2\/media\/67500"}],"wp:attachment":[{"href":"https:\/\/casafreitas.pt\/loja\/wp-json\/wp\/v2\/media?parent=67501"}],"wp:term":[{"taxonomy":"product_brand","embeddable":true,"href":"https:\/\/casafreitas.pt\/loja\/wp-json\/wp\/v2\/product_brand?post=67501"},{"taxonomy":"product_cat","embeddable":true,"href":"https:\/\/casafreitas.pt\/loja\/wp-json\/wp\/v2\/product_cat?post=67501"},{"taxonomy":"product_tag","embeddable":true,"href":"https:\/\/casafreitas.pt\/loja\/wp-json\/wp\/v2\/product_tag?post=67501"}],"curies":[{"name":"wp","href":"https:\/\/api.w.org\/{rel}","templated":true}]}}