{"id":67414,"date":"2025-09-23T14:42:12","date_gmt":"2025-09-23T14:42:12","guid":{"rendered":"https:\/\/casafreitas.pt\/loja\/produto\/ms-extreme-tack-290ml-552137-fischer\/"},"modified":"2025-10-24T00:31:04","modified_gmt":"2025-10-24T00:31:04","slug":"ms-extreme-tack-290ml-552137-fischer","status":"publish","type":"product","link":"https:\/\/casafreitas.pt\/loja\/produto\/ms-extreme-tack-290ml-552137-fischer\/","title":{"rendered":"Ms extreme tack 290ml 552137 fischer"},"content":{"rendered":"","protected":false},"excerpt":{"rendered":"<p>Ms extreme tack fischer. adesivo monocomponente de de secado r\u00e1pido e elasticidade permanente, elaborado em smp. aderencia inicial muito alta e adesivo de alta resistencia, secagem ante humidade, reticula\u00e7\u00e3o neutra e odor suave. sem disolventes, isocianatos, nem silicones. sacado r\u00e1pido e completo. elasticidade permanente de -40\u00b0c a +90\u00b0c. resistencia mecanica muito alta. compativel com pinturas. n\u00e3o corrosivo. resistente a pancadas e vibra\u00e7\u00f5es (amortizador). resistente \u00e0 expans\u00e3o termica e \u00e0 pr\u00f3pria tens\u00e3o do material<\/p>\n","protected":false},"featured_media":67413,"comment_status":"open","ping_status":"closed","template":"","meta":[],"product_brand":[],"product_cat":[12391,18004],"product_tag":[],"class_list":{"0":"post-67414","1":"product","2":"type-product","3":"status-publish","4":"has-post-thumbnail","6":"product_cat-adesivos-de-montagem","7":"product_cat-construcao","9":"first","10":"instock","11":"taxable","12":"shipping-taxable","13":"purchasable","14":"product-type-simple"},"_links":{"self":[{"href":"https:\/\/casafreitas.pt\/loja\/wp-json\/wp\/v2\/product\/67414","targetHints":{"allow":["GET"]}}],"collection":[{"href":"https:\/\/casafreitas.pt\/loja\/wp-json\/wp\/v2\/product"}],"about":[{"href":"https:\/\/casafreitas.pt\/loja\/wp-json\/wp\/v2\/types\/product"}],"replies":[{"embeddable":true,"href":"https:\/\/casafreitas.pt\/loja\/wp-json\/wp\/v2\/comments?post=67414"}],"version-history":[{"count":1,"href":"https:\/\/casafreitas.pt\/loja\/wp-json\/wp\/v2\/product\/67414\/revisions"}],"predecessor-version":[{"id":67415,"href":"https:\/\/casafreitas.pt\/loja\/wp-json\/wp\/v2\/product\/67414\/revisions\/67415"}],"wp:featuredmedia":[{"embeddable":true,"href":"https:\/\/casafreitas.pt\/loja\/wp-json\/wp\/v2\/media\/67413"}],"wp:attachment":[{"href":"https:\/\/casafreitas.pt\/loja\/wp-json\/wp\/v2\/media?parent=67414"}],"wp:term":[{"taxonomy":"product_brand","embeddable":true,"href":"https:\/\/casafreitas.pt\/loja\/wp-json\/wp\/v2\/product_brand?post=67414"},{"taxonomy":"product_cat","embeddable":true,"href":"https:\/\/casafreitas.pt\/loja\/wp-json\/wp\/v2\/product_cat?post=67414"},{"taxonomy":"product_tag","embeddable":true,"href":"https:\/\/casafreitas.pt\/loja\/wp-json\/wp\/v2\/product_tag?post=67414"}],"curies":[{"name":"wp","href":"https:\/\/api.w.org\/{rel}","templated":true}]}}