{"id":67390,"date":"2025-09-23T14:41:22","date_gmt":"2025-09-23T14:41:22","guid":{"rendered":"https:\/\/casafreitas.pt\/loja\/produto\/silicone-acetico-cozinha-wc-311-branco-280-ml\/"},"modified":"2025-10-24T00:31:02","modified_gmt":"2025-10-24T00:31:02","slug":"silicone-acetico-cozinha-wc-311-branco-280-ml","status":"publish","type":"product","link":"https:\/\/casafreitas.pt\/loja\/produto\/silicone-acetico-cozinha-wc-311-branco-280-ml\/","title":{"rendered":"Silicone ac\u00e9tico cozinha e wc 311 branco 280 ml"},"content":{"rendered":"","protected":false},"excerpt":{"rendered":"<p>Silicone ac\u00e9tico para cozinhas e wc 311 branco, anti-mofo e el\u00e1stico. prote\u00e7\u00e3o fungicida. grande resist\u00eancia \u00e0 radia\u00e7\u00e3o uva, mudan\u00e7as de temperatura e envelhecimento. cura r\u00e1pida 30 minutos<\/p>\n","protected":false},"featured_media":67389,"comment_status":"open","ping_status":"closed","template":"","meta":[],"product_brand":[],"product_cat":[17645,18004],"product_tag":[12412],"class_list":{"0":"post-67390","1":"product","2":"type-product","3":"status-publish","4":"has-post-thumbnail","6":"product_cat-silicone-selantes-construcao","7":"product_cat-construcao","8":"product_tag-penosil","10":"first","11":"instock","12":"taxable","13":"shipping-taxable","14":"purchasable","15":"product-type-simple"},"_links":{"self":[{"href":"https:\/\/casafreitas.pt\/loja\/wp-json\/wp\/v2\/product\/67390","targetHints":{"allow":["GET"]}}],"collection":[{"href":"https:\/\/casafreitas.pt\/loja\/wp-json\/wp\/v2\/product"}],"about":[{"href":"https:\/\/casafreitas.pt\/loja\/wp-json\/wp\/v2\/types\/product"}],"replies":[{"embeddable":true,"href":"https:\/\/casafreitas.pt\/loja\/wp-json\/wp\/v2\/comments?post=67390"}],"version-history":[{"count":1,"href":"https:\/\/casafreitas.pt\/loja\/wp-json\/wp\/v2\/product\/67390\/revisions"}],"predecessor-version":[{"id":67391,"href":"https:\/\/casafreitas.pt\/loja\/wp-json\/wp\/v2\/product\/67390\/revisions\/67391"}],"wp:featuredmedia":[{"embeddable":true,"href":"https:\/\/casafreitas.pt\/loja\/wp-json\/wp\/v2\/media\/67389"}],"wp:attachment":[{"href":"https:\/\/casafreitas.pt\/loja\/wp-json\/wp\/v2\/media?parent=67390"}],"wp:term":[{"taxonomy":"product_brand","embeddable":true,"href":"https:\/\/casafreitas.pt\/loja\/wp-json\/wp\/v2\/product_brand?post=67390"},{"taxonomy":"product_cat","embeddable":true,"href":"https:\/\/casafreitas.pt\/loja\/wp-json\/wp\/v2\/product_cat?post=67390"},{"taxonomy":"product_tag","embeddable":true,"href":"https:\/\/casafreitas.pt\/loja\/wp-json\/wp\/v2\/product_tag?post=67390"}],"curies":[{"name":"wp","href":"https:\/\/api.w.org\/{rel}","templated":true}]}}