{"id":67057,"date":"2025-09-23T14:30:31","date_gmt":"2025-09-23T14:30:31","guid":{"rendered":"https:\/\/casafreitas.pt\/loja\/produto\/pincel-raspador-para-queimador-lareiras-peletes\/"},"modified":"2025-10-24T00:30:47","modified_gmt":"2025-10-24T00:30:47","slug":"pincel-raspador-para-queimador-lareiras-peletes","status":"publish","type":"product","link":"https:\/\/casafreitas.pt\/loja\/produto\/pincel-raspador-para-queimador-lareiras-peletes\/","title":{"rendered":"Pincel + raspador para queimador de lareiras de p\u00e9letes"},"content":{"rendered":"","protected":false},"excerpt":{"rendered":"<p>Pincel + raspador para queimador de lareiras de p\u00e9letes. fabricado em a\u00e7o para maior durabilidade e efic\u00e1cia durante a limpeza. o raspador desincrusta os res\u00edduos mais dif\u00edceis para depois, com ajuda do pincel, acabar de limpar o queimador. este produto \u00e9 muito pr\u00e1tico e \u00fatil para a limpeza de lareiras de p\u00e9letes<\/p>\n","protected":false},"featured_media":67056,"comment_status":"open","ping_status":"closed","template":"","meta":[],"product_brand":[],"product_cat":[2364,17365],"product_tag":[],"class_list":{"0":"post-67057","1":"product","2":"type-product","3":"status-publish","4":"has-post-thumbnail","6":"product_cat-climatizacao","7":"product_cat-diversos-climatizacao","9":"first","10":"instock","11":"taxable","12":"shipping-taxable","13":"purchasable","14":"product-type-simple"},"_links":{"self":[{"href":"https:\/\/casafreitas.pt\/loja\/wp-json\/wp\/v2\/product\/67057","targetHints":{"allow":["GET"]}}],"collection":[{"href":"https:\/\/casafreitas.pt\/loja\/wp-json\/wp\/v2\/product"}],"about":[{"href":"https:\/\/casafreitas.pt\/loja\/wp-json\/wp\/v2\/types\/product"}],"replies":[{"embeddable":true,"href":"https:\/\/casafreitas.pt\/loja\/wp-json\/wp\/v2\/comments?post=67057"}],"version-history":[{"count":1,"href":"https:\/\/casafreitas.pt\/loja\/wp-json\/wp\/v2\/product\/67057\/revisions"}],"predecessor-version":[{"id":67058,"href":"https:\/\/casafreitas.pt\/loja\/wp-json\/wp\/v2\/product\/67057\/revisions\/67058"}],"wp:featuredmedia":[{"embeddable":true,"href":"https:\/\/casafreitas.pt\/loja\/wp-json\/wp\/v2\/media\/67056"}],"wp:attachment":[{"href":"https:\/\/casafreitas.pt\/loja\/wp-json\/wp\/v2\/media?parent=67057"}],"wp:term":[{"taxonomy":"product_brand","embeddable":true,"href":"https:\/\/casafreitas.pt\/loja\/wp-json\/wp\/v2\/product_brand?post=67057"},{"taxonomy":"product_cat","embeddable":true,"href":"https:\/\/casafreitas.pt\/loja\/wp-json\/wp\/v2\/product_cat?post=67057"},{"taxonomy":"product_tag","embeddable":true,"href":"https:\/\/casafreitas.pt\/loja\/wp-json\/wp\/v2\/product_tag?post=67057"}],"curies":[{"name":"wp","href":"https:\/\/api.w.org\/{rel}","templated":true}]}}