{"id":66871,"date":"2025-09-23T14:24:09","date_gmt":"2025-09-23T14:24:09","guid":{"rendered":"https:\/\/casafreitas.pt\/loja\/produto\/lote-2-caixas-organizacao-28x28x13cm-tecido-sem-tecer-mondex\/"},"modified":"2025-10-24T00:30:42","modified_gmt":"2025-10-24T00:30:42","slug":"lote-2-caixas-organizacao-28x28x13cm-tecido-sem-tecer-mondex","status":"publish","type":"product","link":"https:\/\/casafreitas.pt\/loja\/produto\/lote-2-caixas-organizacao-28x28x13cm-tecido-sem-tecer-mondex\/","title":{"rendered":"Lote de 2 caixas de organiza\u00e7\u00e3o 28x28x13cm tecido sem tecer mondex"},"content":{"rendered":"","protected":false},"excerpt":{"rendered":"<p>Lote de 2 caixas de organiza\u00e7\u00e3o 28x28x13cm tecido sem tecer. material derivado da fus\u00e3o de fibras, duradouro, resistente, transpirante, el\u00e1stico e suave. mondex<\/p>\n","protected":false},"featured_media":66870,"comment_status":"open","ping_status":"closed","template":"","meta":[],"product_brand":[],"product_cat":[13670,18003],"product_tag":[],"class_list":{"0":"post-66871","1":"product","2":"type-product","3":"status-publish","4":"has-post-thumbnail","6":"product_cat-capas-multiuso-casa-e-decoracao","7":"product_cat-casa-decoracao","9":"first","10":"instock","11":"taxable","12":"shipping-taxable","13":"purchasable","14":"product-type-simple"},"_links":{"self":[{"href":"https:\/\/casafreitas.pt\/loja\/wp-json\/wp\/v2\/product\/66871","targetHints":{"allow":["GET"]}}],"collection":[{"href":"https:\/\/casafreitas.pt\/loja\/wp-json\/wp\/v2\/product"}],"about":[{"href":"https:\/\/casafreitas.pt\/loja\/wp-json\/wp\/v2\/types\/product"}],"replies":[{"embeddable":true,"href":"https:\/\/casafreitas.pt\/loja\/wp-json\/wp\/v2\/comments?post=66871"}],"version-history":[{"count":1,"href":"https:\/\/casafreitas.pt\/loja\/wp-json\/wp\/v2\/product\/66871\/revisions"}],"predecessor-version":[{"id":66872,"href":"https:\/\/casafreitas.pt\/loja\/wp-json\/wp\/v2\/product\/66871\/revisions\/66872"}],"wp:featuredmedia":[{"embeddable":true,"href":"https:\/\/casafreitas.pt\/loja\/wp-json\/wp\/v2\/media\/66870"}],"wp:attachment":[{"href":"https:\/\/casafreitas.pt\/loja\/wp-json\/wp\/v2\/media?parent=66871"}],"wp:term":[{"taxonomy":"product_brand","embeddable":true,"href":"https:\/\/casafreitas.pt\/loja\/wp-json\/wp\/v2\/product_brand?post=66871"},{"taxonomy":"product_cat","embeddable":true,"href":"https:\/\/casafreitas.pt\/loja\/wp-json\/wp\/v2\/product_cat?post=66871"},{"taxonomy":"product_tag","embeddable":true,"href":"https:\/\/casafreitas.pt\/loja\/wp-json\/wp\/v2\/product_tag?post=66871"}],"curies":[{"name":"wp","href":"https:\/\/api.w.org\/{rel}","templated":true}]}}