{"id":66682,"date":"2025-09-23T11:20:52","date_gmt":"2025-09-23T11:20:52","guid":{"rendered":"https:\/\/casafreitas.pt\/loja\/produto\/capa-multiusos-profissional-45l-907410-taurus\/"},"modified":"2025-10-24T00:30:35","modified_gmt":"2025-10-24T00:30:35","slug":"capa-multiusos-profissional-45l-907410-taurus","status":"publish","type":"product","link":"https:\/\/casafreitas.pt\/loja\/produto\/capa-multiusos-profissional-45l-907410-taurus\/","title":{"rendered":"Capa multi\u00fasos profissional 45l 907410 taurus"},"content":{"rendered":"","protected":false},"excerpt":{"rendered":"<p>Capa multi\u00fasos profissional 45l 907410 taurus. fecho zip, material de grande resist\u00eancia, suporta 15kg. apta para qualquer tipo de est\u00e2ncia, protege do p\u00f3, humidade e \u00e9 resistente \u00e0 \u00e1gua<\/p>\n","protected":false},"featured_media":66681,"comment_status":"open","ping_status":"closed","template":"","meta":[],"product_brand":[],"product_cat":[13670,18003],"product_tag":[],"class_list":{"0":"post-66682","1":"product","2":"type-product","3":"status-publish","4":"has-post-thumbnail","6":"product_cat-capas-multiuso-casa-e-decoracao","7":"product_cat-casa-decoracao","9":"first","10":"instock","11":"taxable","12":"shipping-taxable","13":"purchasable","14":"product-type-simple"},"_links":{"self":[{"href":"https:\/\/casafreitas.pt\/loja\/wp-json\/wp\/v2\/product\/66682","targetHints":{"allow":["GET"]}}],"collection":[{"href":"https:\/\/casafreitas.pt\/loja\/wp-json\/wp\/v2\/product"}],"about":[{"href":"https:\/\/casafreitas.pt\/loja\/wp-json\/wp\/v2\/types\/product"}],"replies":[{"embeddable":true,"href":"https:\/\/casafreitas.pt\/loja\/wp-json\/wp\/v2\/comments?post=66682"}],"version-history":[{"count":1,"href":"https:\/\/casafreitas.pt\/loja\/wp-json\/wp\/v2\/product\/66682\/revisions"}],"predecessor-version":[{"id":66683,"href":"https:\/\/casafreitas.pt\/loja\/wp-json\/wp\/v2\/product\/66682\/revisions\/66683"}],"wp:featuredmedia":[{"embeddable":true,"href":"https:\/\/casafreitas.pt\/loja\/wp-json\/wp\/v2\/media\/66681"}],"wp:attachment":[{"href":"https:\/\/casafreitas.pt\/loja\/wp-json\/wp\/v2\/media?parent=66682"}],"wp:term":[{"taxonomy":"product_brand","embeddable":true,"href":"https:\/\/casafreitas.pt\/loja\/wp-json\/wp\/v2\/product_brand?post=66682"},{"taxonomy":"product_cat","embeddable":true,"href":"https:\/\/casafreitas.pt\/loja\/wp-json\/wp\/v2\/product_cat?post=66682"},{"taxonomy":"product_tag","embeddable":true,"href":"https:\/\/casafreitas.pt\/loja\/wp-json\/wp\/v2\/product_tag?post=66682"}],"curies":[{"name":"wp","href":"https:\/\/api.w.org\/{rel}","templated":true}]}}