{"id":66625,"date":"2025-09-23T11:18:55","date_gmt":"2025-09-23T11:18:55","guid":{"rendered":"https:\/\/casafreitas.pt\/loja\/produto\/5-sacos-para-arrumacao-n2-casacos-compridos-65x150cm-mauris\/"},"modified":"2025-10-24T00:30:33","modified_gmt":"2025-10-24T00:30:33","slug":"5-sacos-para-arrumacao-n2-casacos-compridos-65x150cm-mauris","status":"publish","type":"product","link":"https:\/\/casafreitas.pt\/loja\/produto\/5-sacos-para-arrumacao-n2-casacos-compridos-65x150cm-mauris\/","title":{"rendered":"5 sacos para arruma\u00e7\u00e3o n\u00b02 casacos compridos 65x150cm mauris"},"content":{"rendered":"","protected":false},"excerpt":{"rendered":"<p>5 sacos para arruma\u00e7\u00e3o n\u00b02 casacos compridos 65x150cm mauris. protege a roupa do p\u00f3, humidade e tra\u00e7as. 100% poli\u00e9ster. produto espanhol<\/p>\n","protected":false},"featured_media":66624,"comment_status":"open","ping_status":"closed","template":"","meta":[],"product_brand":[],"product_cat":[17687,18003],"product_tag":[],"class_list":{"0":"post-66625","1":"product","2":"type-product","3":"status-publish","4":"has-post-thumbnail","6":"product_cat-capas-de-roupa-casa-e-decoracao","7":"product_cat-casa-decoracao","9":"first","10":"instock","11":"taxable","12":"shipping-taxable","13":"purchasable","14":"product-type-simple"},"_links":{"self":[{"href":"https:\/\/casafreitas.pt\/loja\/wp-json\/wp\/v2\/product\/66625","targetHints":{"allow":["GET"]}}],"collection":[{"href":"https:\/\/casafreitas.pt\/loja\/wp-json\/wp\/v2\/product"}],"about":[{"href":"https:\/\/casafreitas.pt\/loja\/wp-json\/wp\/v2\/types\/product"}],"replies":[{"embeddable":true,"href":"https:\/\/casafreitas.pt\/loja\/wp-json\/wp\/v2\/comments?post=66625"}],"version-history":[{"count":1,"href":"https:\/\/casafreitas.pt\/loja\/wp-json\/wp\/v2\/product\/66625\/revisions"}],"predecessor-version":[{"id":66626,"href":"https:\/\/casafreitas.pt\/loja\/wp-json\/wp\/v2\/product\/66625\/revisions\/66626"}],"wp:featuredmedia":[{"embeddable":true,"href":"https:\/\/casafreitas.pt\/loja\/wp-json\/wp\/v2\/media\/66624"}],"wp:attachment":[{"href":"https:\/\/casafreitas.pt\/loja\/wp-json\/wp\/v2\/media?parent=66625"}],"wp:term":[{"taxonomy":"product_brand","embeddable":true,"href":"https:\/\/casafreitas.pt\/loja\/wp-json\/wp\/v2\/product_brand?post=66625"},{"taxonomy":"product_cat","embeddable":true,"href":"https:\/\/casafreitas.pt\/loja\/wp-json\/wp\/v2\/product_cat?post=66625"},{"taxonomy":"product_tag","embeddable":true,"href":"https:\/\/casafreitas.pt\/loja\/wp-json\/wp\/v2\/product_tag?post=66625"}],"curies":[{"name":"wp","href":"https:\/\/api.w.org\/{rel}","templated":true}]}}