{"id":66286,"date":"2025-09-23T11:00:54","date_gmt":"2025-09-23T11:00:54","guid":{"rendered":"https:\/\/casafreitas.pt\/loja\/produto\/contacto-spray-400-ml\/"},"modified":"2025-10-24T00:30:15","modified_gmt":"2025-10-24T00:30:15","slug":"contacto-spray-400-ml","status":"publish","type":"product","link":"https:\/\/casafreitas.pt\/loja\/produto\/contacto-spray-400-ml\/","title":{"rendered":"Contacto spray 400 ml"},"content":{"rendered":"","protected":false},"excerpt":{"rendered":"<p>Contacto spray 400 ml. cola com a m\u00e1xima resist\u00eancia, sem perder flexibilidade, materiais muito diferentes, corti\u00e7a, madeira, alcatifas, couro, tecidos, feltro, estratificados (formica), borracha, pl\u00e1stico, azulejos, papel cart\u00e3o, espuma de poliuretano, l\u00e2minas met\u00e1licas finas, placas de poli\u00e9ster, espuma suave e r\u00edgida, etc. resistente \u00e0 temperatura + 80\u00b0c<\/p>\n","protected":false},"featured_media":66285,"comment_status":"open","ping_status":"closed","template":"","meta":[],"product_brand":[],"product_cat":[17540,18004],"product_tag":[],"class_list":{"0":"post-66286","1":"product","2":"type-product","3":"status-publish","4":"has-post-thumbnail","6":"product_cat-colas-de-contacto-construcao","7":"product_cat-construcao","9":"first","10":"instock","11":"taxable","12":"shipping-taxable","13":"purchasable","14":"product-type-simple"},"_links":{"self":[{"href":"https:\/\/casafreitas.pt\/loja\/wp-json\/wp\/v2\/product\/66286","targetHints":{"allow":["GET"]}}],"collection":[{"href":"https:\/\/casafreitas.pt\/loja\/wp-json\/wp\/v2\/product"}],"about":[{"href":"https:\/\/casafreitas.pt\/loja\/wp-json\/wp\/v2\/types\/product"}],"replies":[{"embeddable":true,"href":"https:\/\/casafreitas.pt\/loja\/wp-json\/wp\/v2\/comments?post=66286"}],"version-history":[{"count":1,"href":"https:\/\/casafreitas.pt\/loja\/wp-json\/wp\/v2\/product\/66286\/revisions"}],"predecessor-version":[{"id":66287,"href":"https:\/\/casafreitas.pt\/loja\/wp-json\/wp\/v2\/product\/66286\/revisions\/66287"}],"wp:featuredmedia":[{"embeddable":true,"href":"https:\/\/casafreitas.pt\/loja\/wp-json\/wp\/v2\/media\/66285"}],"wp:attachment":[{"href":"https:\/\/casafreitas.pt\/loja\/wp-json\/wp\/v2\/media?parent=66286"}],"wp:term":[{"taxonomy":"product_brand","embeddable":true,"href":"https:\/\/casafreitas.pt\/loja\/wp-json\/wp\/v2\/product_brand?post=66286"},{"taxonomy":"product_cat","embeddable":true,"href":"https:\/\/casafreitas.pt\/loja\/wp-json\/wp\/v2\/product_cat?post=66286"},{"taxonomy":"product_tag","embeddable":true,"href":"https:\/\/casafreitas.pt\/loja\/wp-json\/wp\/v2\/product_tag?post=66286"}],"curies":[{"name":"wp","href":"https:\/\/api.w.org\/{rel}","templated":true}]}}