{"id":66283,"date":"2025-09-23T11:00:48","date_gmt":"2025-09-23T11:00:48","guid":{"rendered":"https:\/\/casafreitas.pt\/loja\/produto\/supergen-contacto-75ml-incolor-20ml-pr-62600\/"},"modified":"2025-10-24T00:30:15","modified_gmt":"2025-10-24T00:30:15","slug":"supergen-contacto-75ml-incolor-20ml-pr-62600","status":"publish","type":"product","link":"https:\/\/casafreitas.pt\/loja\/produto\/supergen-contacto-75ml-incolor-20ml-pr-62600\/","title":{"rendered":"Supergen contacto 75ml + incolor 20ml pr 62600"},"content":{"rendered":"","protected":false},"excerpt":{"rendered":"<p>Supergen contacto 75ml+incolor 20ml pr 62600. supergen de contacto \u00e9 f\u00e1cil de aplicar e garante sempre resultados autenticamente profissionais. mant\u00e9m as suas propriedades durante 2 anos. resiste a temperaturas desde -10\u00b0c a 110\u00b0c<\/p>\n","protected":false},"featured_media":66282,"comment_status":"open","ping_status":"closed","template":"","meta":[],"product_brand":[],"product_cat":[17540,18004],"product_tag":[],"class_list":{"0":"post-66283","1":"product","2":"type-product","3":"status-publish","4":"has-post-thumbnail","6":"product_cat-colas-de-contacto-construcao","7":"product_cat-construcao","9":"first","10":"instock","11":"taxable","12":"shipping-taxable","13":"purchasable","14":"product-type-simple"},"_links":{"self":[{"href":"https:\/\/casafreitas.pt\/loja\/wp-json\/wp\/v2\/product\/66283","targetHints":{"allow":["GET"]}}],"collection":[{"href":"https:\/\/casafreitas.pt\/loja\/wp-json\/wp\/v2\/product"}],"about":[{"href":"https:\/\/casafreitas.pt\/loja\/wp-json\/wp\/v2\/types\/product"}],"replies":[{"embeddable":true,"href":"https:\/\/casafreitas.pt\/loja\/wp-json\/wp\/v2\/comments?post=66283"}],"version-history":[{"count":1,"href":"https:\/\/casafreitas.pt\/loja\/wp-json\/wp\/v2\/product\/66283\/revisions"}],"predecessor-version":[{"id":66284,"href":"https:\/\/casafreitas.pt\/loja\/wp-json\/wp\/v2\/product\/66283\/revisions\/66284"}],"wp:featuredmedia":[{"embeddable":true,"href":"https:\/\/casafreitas.pt\/loja\/wp-json\/wp\/v2\/media\/66282"}],"wp:attachment":[{"href":"https:\/\/casafreitas.pt\/loja\/wp-json\/wp\/v2\/media?parent=66283"}],"wp:term":[{"taxonomy":"product_brand","embeddable":true,"href":"https:\/\/casafreitas.pt\/loja\/wp-json\/wp\/v2\/product_brand?post=66283"},{"taxonomy":"product_cat","embeddable":true,"href":"https:\/\/casafreitas.pt\/loja\/wp-json\/wp\/v2\/product_cat?post=66283"},{"taxonomy":"product_tag","embeddable":true,"href":"https:\/\/casafreitas.pt\/loja\/wp-json\/wp\/v2\/product_tag?post=66283"}],"curies":[{"name":"wp","href":"https:\/\/api.w.org\/{rel}","templated":true}]}}