{"id":66256,"date":"2025-09-23T10:59:50","date_gmt":"2025-09-23T10:59:50","guid":{"rendered":"https:\/\/casafreitas.pt\/loja\/produto\/fixo-plus-turbo-290-ml-cinza\/"},"modified":"2025-10-24T00:30:12","modified_gmt":"2025-10-24T00:30:12","slug":"fixo-plus-turbo-290-ml-cinza","status":"publish","type":"product","link":"https:\/\/casafreitas.pt\/loja\/produto\/fixo-plus-turbo-290-ml-cinza\/","title":{"rendered":"Fixo + plus turbo 290 ml cinza"},"content":{"rendered":"","protected":false},"excerpt":{"rendered":"<p>Cartucho adesivo de pol\u00edmero el\u00e1stico, fixa\u00e7\u00e3o imediata em 3 segundos, secagem em 20 minutos, resistente a moldes, interior\/exterior, sem encolhimento, sem amarelo, pint\u00e1vel, superf\u00edcies molhadas. para metais ferrosos ou n\u00e3o ferrosos, pain\u00e9is, telhas, espelhos, telhas, canais, etc; temperatura de aplica\u00e7\u00e3o entre 5\u00b0 e 40\u00b0c; resist\u00eancia \u00e0 temperatura -40\u00b0 e 90\u00b0c. cinza<\/p>\n","protected":false},"featured_media":66255,"comment_status":"open","ping_status":"closed","template":"","meta":[],"product_brand":[],"product_cat":[12391,18004],"product_tag":[12394],"class_list":{"0":"post-66256","1":"product","2":"type-product","3":"status-publish","4":"has-post-thumbnail","6":"product_cat-adesivos-de-montagem","7":"product_cat-construcao","8":"product_tag-quiadsa","10":"first","11":"instock","12":"taxable","13":"shipping-taxable","14":"purchasable","15":"product-type-simple"},"_links":{"self":[{"href":"https:\/\/casafreitas.pt\/loja\/wp-json\/wp\/v2\/product\/66256","targetHints":{"allow":["GET"]}}],"collection":[{"href":"https:\/\/casafreitas.pt\/loja\/wp-json\/wp\/v2\/product"}],"about":[{"href":"https:\/\/casafreitas.pt\/loja\/wp-json\/wp\/v2\/types\/product"}],"replies":[{"embeddable":true,"href":"https:\/\/casafreitas.pt\/loja\/wp-json\/wp\/v2\/comments?post=66256"}],"version-history":[{"count":1,"href":"https:\/\/casafreitas.pt\/loja\/wp-json\/wp\/v2\/product\/66256\/revisions"}],"predecessor-version":[{"id":66257,"href":"https:\/\/casafreitas.pt\/loja\/wp-json\/wp\/v2\/product\/66256\/revisions\/66257"}],"wp:featuredmedia":[{"embeddable":true,"href":"https:\/\/casafreitas.pt\/loja\/wp-json\/wp\/v2\/media\/66255"}],"wp:attachment":[{"href":"https:\/\/casafreitas.pt\/loja\/wp-json\/wp\/v2\/media?parent=66256"}],"wp:term":[{"taxonomy":"product_brand","embeddable":true,"href":"https:\/\/casafreitas.pt\/loja\/wp-json\/wp\/v2\/product_brand?post=66256"},{"taxonomy":"product_cat","embeddable":true,"href":"https:\/\/casafreitas.pt\/loja\/wp-json\/wp\/v2\/product_cat?post=66256"},{"taxonomy":"product_tag","embeddable":true,"href":"https:\/\/casafreitas.pt\/loja\/wp-json\/wp\/v2\/product_tag?post=66256"}],"curies":[{"name":"wp","href":"https:\/\/api.w.org\/{rel}","templated":true}]}}