{"id":66115,"date":"2025-09-23T10:53:58","date_gmt":"2025-09-23T10:53:58","guid":{"rendered":"https:\/\/casafreitas.pt\/loja\/produto\/aquecedir-convector-ar-modelo-standard-2000-w-com-suporte-parede\/"},"modified":"2025-10-24T00:30:05","modified_gmt":"2025-10-24T00:30:05","slug":"aquecedir-convector-ar-modelo-standard-2000-w-com-suporte-parede","status":"publish","type":"product","link":"https:\/\/casafreitas.pt\/loja\/produto\/aquecedir-convector-ar-modelo-standard-2000-w-com-suporte-parede\/","title":{"rendered":"Aquecedir convector de ar modelo standard 2000 w com suporte de parede"},"content":{"rendered":"","protected":false},"excerpt":{"rendered":"<p>Aquecedir convector de ar modelo padr\u00e3o com 3 n\u00edveis de pot\u00eancia: 750 \/ 1250 \/ 2000 w. 220 &#8211; 240 v. termostato ajust\u00e1vel. sistema de seguran\u00e7a anti-tombamento. al\u00e7a de transporte. interruptor iluminado. com suporte de parede. dimens\u00f5es: 61,8 x 10,5 x 39 cm<\/p>\n","protected":false},"featured_media":66114,"comment_status":"open","ping_status":"closed","template":"","meta":[],"product_brand":[],"product_cat":[2364,17364],"product_tag":[],"class_list":{"0":"post-66115","1":"product","2":"type-product","3":"status-publish","4":"has-post-thumbnail","6":"product_cat-climatizacao","7":"product_cat-convector-climatizacao","9":"first","10":"instock","11":"taxable","12":"shipping-taxable","13":"purchasable","14":"product-type-simple"},"_links":{"self":[{"href":"https:\/\/casafreitas.pt\/loja\/wp-json\/wp\/v2\/product\/66115","targetHints":{"allow":["GET"]}}],"collection":[{"href":"https:\/\/casafreitas.pt\/loja\/wp-json\/wp\/v2\/product"}],"about":[{"href":"https:\/\/casafreitas.pt\/loja\/wp-json\/wp\/v2\/types\/product"}],"replies":[{"embeddable":true,"href":"https:\/\/casafreitas.pt\/loja\/wp-json\/wp\/v2\/comments?post=66115"}],"version-history":[{"count":1,"href":"https:\/\/casafreitas.pt\/loja\/wp-json\/wp\/v2\/product\/66115\/revisions"}],"predecessor-version":[{"id":66116,"href":"https:\/\/casafreitas.pt\/loja\/wp-json\/wp\/v2\/product\/66115\/revisions\/66116"}],"wp:featuredmedia":[{"embeddable":true,"href":"https:\/\/casafreitas.pt\/loja\/wp-json\/wp\/v2\/media\/66114"}],"wp:attachment":[{"href":"https:\/\/casafreitas.pt\/loja\/wp-json\/wp\/v2\/media?parent=66115"}],"wp:term":[{"taxonomy":"product_brand","embeddable":true,"href":"https:\/\/casafreitas.pt\/loja\/wp-json\/wp\/v2\/product_brand?post=66115"},{"taxonomy":"product_cat","embeddable":true,"href":"https:\/\/casafreitas.pt\/loja\/wp-json\/wp\/v2\/product_cat?post=66115"},{"taxonomy":"product_tag","embeddable":true,"href":"https:\/\/casafreitas.pt\/loja\/wp-json\/wp\/v2\/product_tag?post=66115"}],"curies":[{"name":"wp","href":"https:\/\/api.w.org\/{rel}","templated":true}]}}