{"id":64918,"date":"2025-09-23T09:49:13","date_gmt":"2025-09-23T09:49:13","guid":{"rendered":"https:\/\/casafreitas.pt\/loja\/produto\/broca-especiai-para-concreto-conjunto-6-pecas-o300-o1000-mm\/"},"modified":"2025-10-24T00:28:57","modified_gmt":"2025-10-24T00:28:57","slug":"broca-especiai-para-concreto-conjunto-6-pecas-o300-o1000-mm","status":"publish","type":"product","link":"https:\/\/casafreitas.pt\/loja\/produto\/broca-especiai-para-concreto-conjunto-6-pecas-o300-o1000-mm\/","title":{"rendered":"Broca especiai para concreto, conjunto 6 pe\u00e7as \u00f83,00 &#8211; \u00f810,00 mm"},"content":{"rendered":"","protected":false},"excerpt":{"rendered":"<p>Conjunto de brocas de concreto especial, conjunto 6 pe\u00e7as; di\u00e2metro da broca: \u00f83, 4, 5, 6, 8, 10 mm; dimens\u00f5es: 68 x 18 x 150 mm<\/p>\n","protected":false},"featured_media":64917,"comment_status":"open","ping_status":"closed","template":"","meta":[],"product_brand":[],"product_cat":[17425,11488],"product_tag":[],"class_list":{"0":"post-64918","1":"product","2":"type-product","3":"status-publish","4":"has-post-thumbnail","6":"product_cat-brocas-para-alvenaria-ferramentas","7":"product_cat-ferramentas","9":"first","10":"instock","11":"taxable","12":"shipping-taxable","13":"purchasable","14":"product-type-simple"},"_links":{"self":[{"href":"https:\/\/casafreitas.pt\/loja\/wp-json\/wp\/v2\/product\/64918","targetHints":{"allow":["GET"]}}],"collection":[{"href":"https:\/\/casafreitas.pt\/loja\/wp-json\/wp\/v2\/product"}],"about":[{"href":"https:\/\/casafreitas.pt\/loja\/wp-json\/wp\/v2\/types\/product"}],"replies":[{"embeddable":true,"href":"https:\/\/casafreitas.pt\/loja\/wp-json\/wp\/v2\/comments?post=64918"}],"version-history":[{"count":1,"href":"https:\/\/casafreitas.pt\/loja\/wp-json\/wp\/v2\/product\/64918\/revisions"}],"predecessor-version":[{"id":64919,"href":"https:\/\/casafreitas.pt\/loja\/wp-json\/wp\/v2\/product\/64918\/revisions\/64919"}],"wp:featuredmedia":[{"embeddable":true,"href":"https:\/\/casafreitas.pt\/loja\/wp-json\/wp\/v2\/media\/64917"}],"wp:attachment":[{"href":"https:\/\/casafreitas.pt\/loja\/wp-json\/wp\/v2\/media?parent=64918"}],"wp:term":[{"taxonomy":"product_brand","embeddable":true,"href":"https:\/\/casafreitas.pt\/loja\/wp-json\/wp\/v2\/product_brand?post=64918"},{"taxonomy":"product_cat","embeddable":true,"href":"https:\/\/casafreitas.pt\/loja\/wp-json\/wp\/v2\/product_cat?post=64918"},{"taxonomy":"product_tag","embeddable":true,"href":"https:\/\/casafreitas.pt\/loja\/wp-json\/wp\/v2\/product_tag?post=64918"}],"curies":[{"name":"wp","href":"https:\/\/api.w.org\/{rel}","templated":true}]}}