{"id":63880,"date":"2025-09-23T09:02:41","date_gmt":"2025-09-23T09:02:41","guid":{"rendered":"https:\/\/casafreitas.pt\/loja\/produto\/pedra-afiar\/"},"modified":"2025-10-24T00:28:07","modified_gmt":"2025-10-24T00:28:07","slug":"pedra-afiar","status":"publish","type":"product","link":"https:\/\/casafreitas.pt\/loja\/produto\/pedra-afiar\/","title":{"rendered":"Pedra de afiar"},"content":{"rendered":"","protected":false},"excerpt":{"rendered":"<p>Pedra de afiar sint\u00e9tica tipo carbor com granula\u00e7\u00e3o 220 (230 mm)<\/p>\n","protected":false},"featured_media":63879,"comment_status":"open","ping_status":"closed","template":"","meta":[],"product_brand":[],"product_cat":[15512,11488],"product_tag":[12349],"class_list":{"0":"post-63880","1":"product","2":"type-product","3":"status-publish","4":"has-post-thumbnail","6":"product_cat-diversos-ferramentas-17","7":"product_cat-ferramentas","8":"product_tag-bahco","10":"first","11":"instock","12":"taxable","13":"shipping-taxable","14":"purchasable","15":"product-type-simple"},"_links":{"self":[{"href":"https:\/\/casafreitas.pt\/loja\/wp-json\/wp\/v2\/product\/63880","targetHints":{"allow":["GET"]}}],"collection":[{"href":"https:\/\/casafreitas.pt\/loja\/wp-json\/wp\/v2\/product"}],"about":[{"href":"https:\/\/casafreitas.pt\/loja\/wp-json\/wp\/v2\/types\/product"}],"replies":[{"embeddable":true,"href":"https:\/\/casafreitas.pt\/loja\/wp-json\/wp\/v2\/comments?post=63880"}],"version-history":[{"count":1,"href":"https:\/\/casafreitas.pt\/loja\/wp-json\/wp\/v2\/product\/63880\/revisions"}],"predecessor-version":[{"id":63881,"href":"https:\/\/casafreitas.pt\/loja\/wp-json\/wp\/v2\/product\/63880\/revisions\/63881"}],"wp:featuredmedia":[{"embeddable":true,"href":"https:\/\/casafreitas.pt\/loja\/wp-json\/wp\/v2\/media\/63879"}],"wp:attachment":[{"href":"https:\/\/casafreitas.pt\/loja\/wp-json\/wp\/v2\/media?parent=63880"}],"wp:term":[{"taxonomy":"product_brand","embeddable":true,"href":"https:\/\/casafreitas.pt\/loja\/wp-json\/wp\/v2\/product_brand?post=63880"},{"taxonomy":"product_cat","embeddable":true,"href":"https:\/\/casafreitas.pt\/loja\/wp-json\/wp\/v2\/product_cat?post=63880"},{"taxonomy":"product_tag","embeddable":true,"href":"https:\/\/casafreitas.pt\/loja\/wp-json\/wp\/v2\/product_tag?post=63880"}],"curies":[{"name":"wp","href":"https:\/\/api.w.org\/{rel}","templated":true}]}}