{"id":62668,"date":"2025-09-23T08:13:45","date_gmt":"2025-09-23T08:13:45","guid":{"rendered":"https:\/\/casafreitas.pt\/loja\/produto\/bits-pa-jogo-6-pecas\/"},"modified":"2025-10-24T00:27:12","modified_gmt":"2025-10-24T00:27:12","slug":"bits-pa-jogo-6-pecas","status":"publish","type":"product","link":"https:\/\/casafreitas.pt\/loja\/produto\/bits-pa-jogo-6-pecas\/","title":{"rendered":"Bits de p\u00e1, jogo de 6 pe\u00e7as"},"content":{"rendered":"","protected":false},"excerpt":{"rendered":"<p>Conjunto de 6 brocas para madeira. a\u00e7o carbono, l\u00e2mina forjada. tamanhos: \u00f810,00 \/ \u00f812,00 \/ \u00f816,00 \/ \u00f88,00 \/ \u00f820,00 \/ \u00f825,00 mm. haste sextavada de troca r\u00e1pida de 6 mm.<\/p>\n","protected":false},"featured_media":62667,"comment_status":"open","ping_status":"closed","template":"","meta":[],"product_brand":[],"product_cat":[17426,11488],"product_tag":[],"class_list":{"0":"post-62668","1":"product","2":"type-product","3":"status-publish","4":"has-post-thumbnail","6":"product_cat-brocas-para-madeira-ferramentas","7":"product_cat-ferramentas","9":"first","10":"instock","11":"taxable","12":"shipping-taxable","13":"purchasable","14":"product-type-simple"},"_links":{"self":[{"href":"https:\/\/casafreitas.pt\/loja\/wp-json\/wp\/v2\/product\/62668","targetHints":{"allow":["GET"]}}],"collection":[{"href":"https:\/\/casafreitas.pt\/loja\/wp-json\/wp\/v2\/product"}],"about":[{"href":"https:\/\/casafreitas.pt\/loja\/wp-json\/wp\/v2\/types\/product"}],"replies":[{"embeddable":true,"href":"https:\/\/casafreitas.pt\/loja\/wp-json\/wp\/v2\/comments?post=62668"}],"version-history":[{"count":1,"href":"https:\/\/casafreitas.pt\/loja\/wp-json\/wp\/v2\/product\/62668\/revisions"}],"predecessor-version":[{"id":62669,"href":"https:\/\/casafreitas.pt\/loja\/wp-json\/wp\/v2\/product\/62668\/revisions\/62669"}],"wp:featuredmedia":[{"embeddable":true,"href":"https:\/\/casafreitas.pt\/loja\/wp-json\/wp\/v2\/media\/62667"}],"wp:attachment":[{"href":"https:\/\/casafreitas.pt\/loja\/wp-json\/wp\/v2\/media?parent=62668"}],"wp:term":[{"taxonomy":"product_brand","embeddable":true,"href":"https:\/\/casafreitas.pt\/loja\/wp-json\/wp\/v2\/product_brand?post=62668"},{"taxonomy":"product_cat","embeddable":true,"href":"https:\/\/casafreitas.pt\/loja\/wp-json\/wp\/v2\/product_cat?post=62668"},{"taxonomy":"product_tag","embeddable":true,"href":"https:\/\/casafreitas.pt\/loja\/wp-json\/wp\/v2\/product_tag?post=62668"}],"curies":[{"name":"wp","href":"https:\/\/api.w.org\/{rel}","templated":true}]}}