{"id":62508,"date":"2025-09-22T17:01:58","date_gmt":"2025-09-22T17:01:58","guid":{"rendered":"https:\/\/casafreitas.pt\/loja\/produto\/conjunto-10-laminas-ab-10-divisiveis-prateadas-9mm\/"},"modified":"2025-10-24T00:27:04","modified_gmt":"2025-10-24T00:27:04","slug":"conjunto-10-laminas-ab-10-divisiveis-prateadas-9mm","status":"publish","type":"product","link":"https:\/\/casafreitas.pt\/loja\/produto\/conjunto-10-laminas-ab-10-divisiveis-prateadas-9mm\/","title":{"rendered":"Conjunto de 10 l\u00e2minas ab-10 divis\u00edveis prateadas 9mm"},"content":{"rendered":"","protected":false},"excerpt":{"rendered":"<p>L\u00e2mina ab-10 divis\u00edveis de 9mm; feitas com a\u00e7o de qualidade superior; conjunto de 10 unidades<\/p>\n","protected":false},"featured_media":62507,"comment_status":"open","ping_status":"closed","template":"","meta":[],"product_brand":[],"product_cat":[11488,17459],"product_tag":[12369],"class_list":{"0":"post-62508","1":"product","2":"type-product","3":"status-publish","4":"has-post-thumbnail","6":"product_cat-ferramentas","7":"product_cat-laminas-raspadores-ferramentas","8":"product_tag-olfa","10":"first","11":"instock","12":"taxable","13":"shipping-taxable","14":"purchasable","15":"product-type-simple"},"_links":{"self":[{"href":"https:\/\/casafreitas.pt\/loja\/wp-json\/wp\/v2\/product\/62508","targetHints":{"allow":["GET"]}}],"collection":[{"href":"https:\/\/casafreitas.pt\/loja\/wp-json\/wp\/v2\/product"}],"about":[{"href":"https:\/\/casafreitas.pt\/loja\/wp-json\/wp\/v2\/types\/product"}],"replies":[{"embeddable":true,"href":"https:\/\/casafreitas.pt\/loja\/wp-json\/wp\/v2\/comments?post=62508"}],"version-history":[{"count":1,"href":"https:\/\/casafreitas.pt\/loja\/wp-json\/wp\/v2\/product\/62508\/revisions"}],"predecessor-version":[{"id":62509,"href":"https:\/\/casafreitas.pt\/loja\/wp-json\/wp\/v2\/product\/62508\/revisions\/62509"}],"wp:featuredmedia":[{"embeddable":true,"href":"https:\/\/casafreitas.pt\/loja\/wp-json\/wp\/v2\/media\/62507"}],"wp:attachment":[{"href":"https:\/\/casafreitas.pt\/loja\/wp-json\/wp\/v2\/media?parent=62508"}],"wp:term":[{"taxonomy":"product_brand","embeddable":true,"href":"https:\/\/casafreitas.pt\/loja\/wp-json\/wp\/v2\/product_brand?post=62508"},{"taxonomy":"product_cat","embeddable":true,"href":"https:\/\/casafreitas.pt\/loja\/wp-json\/wp\/v2\/product_cat?post=62508"},{"taxonomy":"product_tag","embeddable":true,"href":"https:\/\/casafreitas.pt\/loja\/wp-json\/wp\/v2\/product_tag?post=62508"}],"curies":[{"name":"wp","href":"https:\/\/api.w.org\/{rel}","templated":true}]}}