{"id":62505,"date":"2025-09-22T17:01:51","date_gmt":"2025-09-22T17:01:51","guid":{"rendered":"https:\/\/casafreitas.pt\/loja\/produto\/conjunto-50-laminas-lb-50-divisiveis-prateadas-18mm\/"},"modified":"2025-10-24T00:27:04","modified_gmt":"2025-10-24T00:27:04","slug":"conjunto-50-laminas-lb-50-divisiveis-prateadas-18mm","status":"publish","type":"product","link":"https:\/\/casafreitas.pt\/loja\/produto\/conjunto-50-laminas-lb-50-divisiveis-prateadas-18mm\/","title":{"rendered":"Conjunto de 50 l\u00e2minas lb-50 divis\u00edveis prateadas 18mm"},"content":{"rendered":"","protected":false},"excerpt":{"rendered":"<p>L\u00e2mina de corte lb-50 divis\u00edveis de 18mm; feitas com a\u00e7o de qualidade superior; conjunto de 50 unidades<\/p>\n","protected":false},"featured_media":62504,"comment_status":"open","ping_status":"closed","template":"","meta":[],"product_brand":[],"product_cat":[11488,17459],"product_tag":[12369],"class_list":{"0":"post-62505","1":"product","2":"type-product","3":"status-publish","4":"has-post-thumbnail","6":"product_cat-ferramentas","7":"product_cat-laminas-raspadores-ferramentas","8":"product_tag-olfa","10":"first","11":"instock","12":"taxable","13":"shipping-taxable","14":"purchasable","15":"product-type-simple"},"_links":{"self":[{"href":"https:\/\/casafreitas.pt\/loja\/wp-json\/wp\/v2\/product\/62505","targetHints":{"allow":["GET"]}}],"collection":[{"href":"https:\/\/casafreitas.pt\/loja\/wp-json\/wp\/v2\/product"}],"about":[{"href":"https:\/\/casafreitas.pt\/loja\/wp-json\/wp\/v2\/types\/product"}],"replies":[{"embeddable":true,"href":"https:\/\/casafreitas.pt\/loja\/wp-json\/wp\/v2\/comments?post=62505"}],"version-history":[{"count":1,"href":"https:\/\/casafreitas.pt\/loja\/wp-json\/wp\/v2\/product\/62505\/revisions"}],"predecessor-version":[{"id":62506,"href":"https:\/\/casafreitas.pt\/loja\/wp-json\/wp\/v2\/product\/62505\/revisions\/62506"}],"wp:featuredmedia":[{"embeddable":true,"href":"https:\/\/casafreitas.pt\/loja\/wp-json\/wp\/v2\/media\/62504"}],"wp:attachment":[{"href":"https:\/\/casafreitas.pt\/loja\/wp-json\/wp\/v2\/media?parent=62505"}],"wp:term":[{"taxonomy":"product_brand","embeddable":true,"href":"https:\/\/casafreitas.pt\/loja\/wp-json\/wp\/v2\/product_brand?post=62505"},{"taxonomy":"product_cat","embeddable":true,"href":"https:\/\/casafreitas.pt\/loja\/wp-json\/wp\/v2\/product_cat?post=62505"},{"taxonomy":"product_tag","embeddable":true,"href":"https:\/\/casafreitas.pt\/loja\/wp-json\/wp\/v2\/product_tag?post=62505"}],"curies":[{"name":"wp","href":"https:\/\/api.w.org\/{rel}","templated":true}]}}