{"id":61431,"date":"2025-09-22T16:28:19","date_gmt":"2025-09-22T16:28:19","guid":{"rendered":"https:\/\/casafreitas.pt\/loja\/produto\/suporte-para-soldador-com-lupa-pincas-crocodilo-hrv7571-nimo\/"},"modified":"2025-10-24T00:26:14","modified_gmt":"2025-10-24T00:26:14","slug":"suporte-para-soldador-com-lupa-pincas-crocodilo-hrv7571-nimo","status":"publish","type":"product","link":"https:\/\/casafreitas.pt\/loja\/produto\/suporte-para-soldador-com-lupa-pincas-crocodilo-hrv7571-nimo\/","title":{"rendered":"Suporte para soldador com lupa e pin\u00e7as de crocodilo hrv7571 nimo"},"content":{"rendered":"","protected":false},"excerpt":{"rendered":"<p>Suporte para soldador com lupa e pin\u00e7as de crocodilo hrv7571 nimo. lupa com luz led integrada e acess\u00f3rios para trabalhos sem m\u00e3os. este dispositivo inclui suporte de soldador, pin\u00e7as de crocodilo, suporte para carrete de fio de estanho, caixa com flux para soldadura, e limpeza met\u00e1lica em seco de pontas. contem: lupa x3 com lente de 90mm di\u00e2metro, bra\u00e7o flexo 265mm com ilumina\u00e7\u00e3o led, suporte para carrete de fio de estanho. base 190x170mm, peso 1,3kg<\/p>\n","protected":false},"featured_media":61430,"comment_status":"open","ping_status":"closed","template":"","meta":[],"product_brand":[],"product_cat":[11488,17501],"product_tag":[],"class_list":{"0":"post-61431","1":"product","2":"type-product","3":"status-publish","4":"has-post-thumbnail","6":"product_cat-ferramentas","7":"product_cat-soldagem-ferramentas","9":"first","10":"instock","11":"taxable","12":"shipping-taxable","13":"purchasable","14":"product-type-simple"},"_links":{"self":[{"href":"https:\/\/casafreitas.pt\/loja\/wp-json\/wp\/v2\/product\/61431","targetHints":{"allow":["GET"]}}],"collection":[{"href":"https:\/\/casafreitas.pt\/loja\/wp-json\/wp\/v2\/product"}],"about":[{"href":"https:\/\/casafreitas.pt\/loja\/wp-json\/wp\/v2\/types\/product"}],"replies":[{"embeddable":true,"href":"https:\/\/casafreitas.pt\/loja\/wp-json\/wp\/v2\/comments?post=61431"}],"version-history":[{"count":1,"href":"https:\/\/casafreitas.pt\/loja\/wp-json\/wp\/v2\/product\/61431\/revisions"}],"predecessor-version":[{"id":61432,"href":"https:\/\/casafreitas.pt\/loja\/wp-json\/wp\/v2\/product\/61431\/revisions\/61432"}],"wp:featuredmedia":[{"embeddable":true,"href":"https:\/\/casafreitas.pt\/loja\/wp-json\/wp\/v2\/media\/61430"}],"wp:attachment":[{"href":"https:\/\/casafreitas.pt\/loja\/wp-json\/wp\/v2\/media?parent=61431"}],"wp:term":[{"taxonomy":"product_brand","embeddable":true,"href":"https:\/\/casafreitas.pt\/loja\/wp-json\/wp\/v2\/product_brand?post=61431"},{"taxonomy":"product_cat","embeddable":true,"href":"https:\/\/casafreitas.pt\/loja\/wp-json\/wp\/v2\/product_cat?post=61431"},{"taxonomy":"product_tag","embeddable":true,"href":"https:\/\/casafreitas.pt\/loja\/wp-json\/wp\/v2\/product_tag?post=61431"}],"curies":[{"name":"wp","href":"https:\/\/api.w.org\/{rel}","templated":true}]}}