{"id":61346,"date":"2025-09-22T16:07:31","date_gmt":"2025-09-22T16:07:31","guid":{"rendered":"https:\/\/casafreitas.pt\/loja\/produto\/piscina-para-caes-120x30cm-nayeco\/"},"modified":"2025-11-15T22:03:15","modified_gmt":"2025-11-15T22:03:15","slug":"piscina-para-caes-120x30cm-nayeco","status":"publish","type":"product","link":"https:\/\/casafreitas.pt\/loja\/produto\/piscina-para-caes-120x30cm-nayeco\/","title":{"rendered":"Piscina para c\u00e3es 120x30cm nayeco"},"content":{"rendered":"","protected":false},"excerpt":{"rendered":"<p>Piscina para c\u00e3es 120x30cm nayeco. estrutura refor\u00e7ada. paredes com pain\u00e9is mdf (fibra de madeira de prensagem). inclui v\u00e1lvula de esvaziar na parte inferior.<\/p>\n","protected":false},"featured_media":61345,"comment_status":"open","ping_status":"closed","template":"","meta":[],"product_brand":[],"product_cat":[12344,18002],"product_tag":[],"class_list":{"0":"post-61346","1":"product","2":"type-product","3":"status-publish","4":"has-post-thumbnail","6":"product_cat-piscinas-para-animais-de-estimacao","7":"product_cat-animais-estimacao","9":"first","10":"instock","11":"taxable","12":"shipping-taxable","13":"purchasable","14":"product-type-simple"},"_links":{"self":[{"href":"https:\/\/casafreitas.pt\/loja\/wp-json\/wp\/v2\/product\/61346","targetHints":{"allow":["GET"]}}],"collection":[{"href":"https:\/\/casafreitas.pt\/loja\/wp-json\/wp\/v2\/product"}],"about":[{"href":"https:\/\/casafreitas.pt\/loja\/wp-json\/wp\/v2\/types\/product"}],"replies":[{"embeddable":true,"href":"https:\/\/casafreitas.pt\/loja\/wp-json\/wp\/v2\/comments?post=61346"}],"version-history":[{"count":1,"href":"https:\/\/casafreitas.pt\/loja\/wp-json\/wp\/v2\/product\/61346\/revisions"}],"predecessor-version":[{"id":61347,"href":"https:\/\/casafreitas.pt\/loja\/wp-json\/wp\/v2\/product\/61346\/revisions\/61347"}],"wp:featuredmedia":[{"embeddable":true,"href":"https:\/\/casafreitas.pt\/loja\/wp-json\/wp\/v2\/media\/61345"}],"wp:attachment":[{"href":"https:\/\/casafreitas.pt\/loja\/wp-json\/wp\/v2\/media?parent=61346"}],"wp:term":[{"taxonomy":"product_brand","embeddable":true,"href":"https:\/\/casafreitas.pt\/loja\/wp-json\/wp\/v2\/product_brand?post=61346"},{"taxonomy":"product_cat","embeddable":true,"href":"https:\/\/casafreitas.pt\/loja\/wp-json\/wp\/v2\/product_cat?post=61346"},{"taxonomy":"product_tag","embeddable":true,"href":"https:\/\/casafreitas.pt\/loja\/wp-json\/wp\/v2\/product_tag?post=61346"}],"curies":[{"name":"wp","href":"https:\/\/api.w.org\/{rel}","templated":true}]}}