{"id":60568,"date":"2025-09-22T15:20:49","date_gmt":"2025-09-22T15:20:49","guid":{"rendered":"https:\/\/casafreitas.pt\/loja\/produto\/cabo-cargadados-usb-a-c-1m-smartphone-android-logilink\/"},"modified":"2025-10-24T00:25:34","modified_gmt":"2025-10-24T00:25:34","slug":"cabo-cargadados-usb-a-c-1m-smartphone-android-logilink","status":"publish","type":"product","link":"https:\/\/casafreitas.pt\/loja\/produto\/cabo-cargadados-usb-a-c-1m-smartphone-android-logilink\/","title":{"rendered":"Cabo carga+dados usb a-c 1m smartphone android logilink"},"content":{"rendered":"","protected":false},"excerpt":{"rendered":"<p>Cabo carga+dados usb a-c 1m smartphone android logilink. velocidade de transferencia de at\u00e9 50bps e capacidade de corrente at\u00e9 3a. compat\u00edvel com a maioria de smartphones android do mercado e outros dispositivos com entrada de carga usb tipo c<\/p>\n","protected":false},"featured_media":60567,"comment_status":"open","ping_status":"closed","template":"","meta":[],"product_brand":[],"product_cat":[12307,509],"product_tag":[],"class_list":{"0":"post-60568","1":"product","2":"type-product","3":"status-publish","4":"has-post-thumbnail","6":"product_cat-cabos-usb","7":"product_cat-imagem-e-som","9":"first","10":"instock","11":"taxable","12":"shipping-taxable","13":"purchasable","14":"product-type-simple"},"_links":{"self":[{"href":"https:\/\/casafreitas.pt\/loja\/wp-json\/wp\/v2\/product\/60568","targetHints":{"allow":["GET"]}}],"collection":[{"href":"https:\/\/casafreitas.pt\/loja\/wp-json\/wp\/v2\/product"}],"about":[{"href":"https:\/\/casafreitas.pt\/loja\/wp-json\/wp\/v2\/types\/product"}],"replies":[{"embeddable":true,"href":"https:\/\/casafreitas.pt\/loja\/wp-json\/wp\/v2\/comments?post=60568"}],"version-history":[{"count":1,"href":"https:\/\/casafreitas.pt\/loja\/wp-json\/wp\/v2\/product\/60568\/revisions"}],"predecessor-version":[{"id":60569,"href":"https:\/\/casafreitas.pt\/loja\/wp-json\/wp\/v2\/product\/60568\/revisions\/60569"}],"wp:featuredmedia":[{"embeddable":true,"href":"https:\/\/casafreitas.pt\/loja\/wp-json\/wp\/v2\/media\/60567"}],"wp:attachment":[{"href":"https:\/\/casafreitas.pt\/loja\/wp-json\/wp\/v2\/media?parent=60568"}],"wp:term":[{"taxonomy":"product_brand","embeddable":true,"href":"https:\/\/casafreitas.pt\/loja\/wp-json\/wp\/v2\/product_brand?post=60568"},{"taxonomy":"product_cat","embeddable":true,"href":"https:\/\/casafreitas.pt\/loja\/wp-json\/wp\/v2\/product_cat?post=60568"},{"taxonomy":"product_tag","embeddable":true,"href":"https:\/\/casafreitas.pt\/loja\/wp-json\/wp\/v2\/product_tag?post=60568"}],"curies":[{"name":"wp","href":"https:\/\/api.w.org\/{rel}","templated":true}]}}