{"id":60565,"date":"2025-09-22T15:20:44","date_gmt":"2025-09-22T15:20:44","guid":{"rendered":"https:\/\/casafreitas.pt\/loja\/produto\/carregador-rapido-27w-x-4-usb-apenas-ficha-parede-logilink\/"},"modified":"2025-11-21T22:00:50","modified_gmt":"2025-11-21T22:00:50","slug":"carregador-rapido-27w-x-4-usb-apenas-ficha-parede-logilink","status":"publish","type":"product","link":"https:\/\/casafreitas.pt\/loja\/produto\/carregador-rapido-27w-x-4-usb-apenas-ficha-parede-logilink\/","title":{"rendered":"Carregador r\u00e1pido 27w x 4 usb (apenas ficha de parede) logilink"},"content":{"rendered":"","protected":false},"excerpt":{"rendered":"<p>Carregador r\u00e1pido 27w x 4 usb (apenas ficha de parede) logilink. disp\u00f5e de 3 entradas usb a + 1 usb c para ligar at\u00e9 4 dispositivos \u00e0 vez. entrada: 100-240 v ca 50\/60hz 0,5 a m\u00e1x. sa\u00edda: usb-a 5v\/2,4a (12w) m\u00e1x. usb-c 5v\/3a (15w) m\u00e1x. prote\u00e7\u00e3o contra a sobrecarga, sobre descarga e curto-circuito. compat\u00edvel com a maioria de telefones inteligentes e tablets<\/p>\n","protected":false},"featured_media":60564,"comment_status":"open","ping_status":"closed","template":"","meta":[],"product_brand":[],"product_cat":[12308,509],"product_tag":[],"class_list":{"0":"post-60565","1":"product","2":"type-product","3":"status-publish","4":"has-post-thumbnail","6":"product_cat-carregadores-usb","7":"product_cat-imagem-e-som","9":"first","10":"instock","11":"taxable","12":"shipping-taxable","13":"purchasable","14":"product-type-simple"},"_links":{"self":[{"href":"https:\/\/casafreitas.pt\/loja\/wp-json\/wp\/v2\/product\/60565","targetHints":{"allow":["GET"]}}],"collection":[{"href":"https:\/\/casafreitas.pt\/loja\/wp-json\/wp\/v2\/product"}],"about":[{"href":"https:\/\/casafreitas.pt\/loja\/wp-json\/wp\/v2\/types\/product"}],"replies":[{"embeddable":true,"href":"https:\/\/casafreitas.pt\/loja\/wp-json\/wp\/v2\/comments?post=60565"}],"version-history":[{"count":1,"href":"https:\/\/casafreitas.pt\/loja\/wp-json\/wp\/v2\/product\/60565\/revisions"}],"predecessor-version":[{"id":60566,"href":"https:\/\/casafreitas.pt\/loja\/wp-json\/wp\/v2\/product\/60565\/revisions\/60566"}],"wp:featuredmedia":[{"embeddable":true,"href":"https:\/\/casafreitas.pt\/loja\/wp-json\/wp\/v2\/media\/60564"}],"wp:attachment":[{"href":"https:\/\/casafreitas.pt\/loja\/wp-json\/wp\/v2\/media?parent=60565"}],"wp:term":[{"taxonomy":"product_brand","embeddable":true,"href":"https:\/\/casafreitas.pt\/loja\/wp-json\/wp\/v2\/product_brand?post=60565"},{"taxonomy":"product_cat","embeddable":true,"href":"https:\/\/casafreitas.pt\/loja\/wp-json\/wp\/v2\/product_cat?post=60565"},{"taxonomy":"product_tag","embeddable":true,"href":"https:\/\/casafreitas.pt\/loja\/wp-json\/wp\/v2\/product_tag?post=60565"}],"curies":[{"name":"wp","href":"https:\/\/api.w.org\/{rel}","templated":true}]}}