{"id":60469,"date":"2025-09-22T15:17:37","date_gmt":"2025-09-22T15:17:37","guid":{"rendered":"https:\/\/casafreitas.pt\/loja\/produto\/telefone-duo-sem-fio-xl490-em-branco-cinza\/"},"modified":"2025-10-24T00:25:29","modified_gmt":"2025-10-24T00:25:29","slug":"telefone-duo-sem-fio-xl490-em-branco-cinza","status":"publish","type":"product","link":"https:\/\/casafreitas.pt\/loja\/produto\/telefone-duo-sem-fio-xl490-em-branco-cinza\/","title":{"rendered":"Telefone duo sem fio xl490 em branco e cinza"},"content":{"rendered":"","protected":false},"excerpt":{"rendered":"<p>Telefone sem fios xl4902s com ecr\u00e3 e bot\u00f5es extragrandes e caracter\u00edsticas \u00fateis, como aumento de volume, m\u00e3os-livres, compatibilidade com aparelhos auditivos, entradas para v\u00e1rios telefones e defini\u00e7\u00f5es de privacidade. capacidade da agenda telef\u00f3nica: 50 contactos + 3 contactos de marca\u00e7\u00e3o direta. alcance de 300 m em ambientes exteriores e 50 m em ambientes interiores. consumo de 0,75 w. funciona com 2 pilhas aaa recarreg\u00e1veis inclu\u00eddas. cont\u00e9m 2 telefones. dimens\u00f5es: 5,3 x 2,5 x 8,2 cm<\/p>\n","protected":false},"featured_media":60468,"comment_status":"open","ping_status":"closed","template":"","meta":[],"product_brand":[],"product_cat":[509,12318],"product_tag":[],"class_list":{"0":"post-60469","1":"product","2":"type-product","3":"status-publish","4":"has-post-thumbnail","6":"product_cat-imagem-e-som","7":"product_cat-telefonia-fixa-conectores-rj11","9":"first","10":"instock","11":"taxable","12":"shipping-taxable","13":"purchasable","14":"product-type-simple"},"_links":{"self":[{"href":"https:\/\/casafreitas.pt\/loja\/wp-json\/wp\/v2\/product\/60469","targetHints":{"allow":["GET"]}}],"collection":[{"href":"https:\/\/casafreitas.pt\/loja\/wp-json\/wp\/v2\/product"}],"about":[{"href":"https:\/\/casafreitas.pt\/loja\/wp-json\/wp\/v2\/types\/product"}],"replies":[{"embeddable":true,"href":"https:\/\/casafreitas.pt\/loja\/wp-json\/wp\/v2\/comments?post=60469"}],"version-history":[{"count":1,"href":"https:\/\/casafreitas.pt\/loja\/wp-json\/wp\/v2\/product\/60469\/revisions"}],"predecessor-version":[{"id":60470,"href":"https:\/\/casafreitas.pt\/loja\/wp-json\/wp\/v2\/product\/60469\/revisions\/60470"}],"wp:featuredmedia":[{"embeddable":true,"href":"https:\/\/casafreitas.pt\/loja\/wp-json\/wp\/v2\/media\/60468"}],"wp:attachment":[{"href":"https:\/\/casafreitas.pt\/loja\/wp-json\/wp\/v2\/media?parent=60469"}],"wp:term":[{"taxonomy":"product_brand","embeddable":true,"href":"https:\/\/casafreitas.pt\/loja\/wp-json\/wp\/v2\/product_brand?post=60469"},{"taxonomy":"product_cat","embeddable":true,"href":"https:\/\/casafreitas.pt\/loja\/wp-json\/wp\/v2\/product_cat?post=60469"},{"taxonomy":"product_tag","embeddable":true,"href":"https:\/\/casafreitas.pt\/loja\/wp-json\/wp\/v2\/product_tag?post=60469"}],"curies":[{"name":"wp","href":"https:\/\/api.w.org\/{rel}","templated":true}]}}