{"id":60400,"date":"2025-09-22T15:15:23","date_gmt":"2025-09-22T15:15:23","guid":{"rendered":"https:\/\/casafreitas.pt\/loja\/produto\/cd-produto-limpeza-para-lentes-reprodutores-cd-dvd-svc2330-10-philips\/"},"modified":"2025-10-24T00:25:27","modified_gmt":"2025-10-24T00:25:27","slug":"cd-produto-limpeza-para-lentes-reprodutores-cd-dvd-svc2330-10-philips","status":"publish","type":"product","link":"https:\/\/casafreitas.pt\/loja\/produto\/cd-produto-limpeza-para-lentes-reprodutores-cd-dvd-svc2330-10-philips\/","title":{"rendered":"Cd produto de limpeza para lentes de reprodutores cd\/dvd svc2330\/10 philips"},"content":{"rendered":"","protected":false},"excerpt":{"rendered":"<p>Cd produto de limpeza para lentes de reprodutores cd\/dvd svc2330\/10 philips. produto de limpeza para lentes. formatos compat\u00edveis: cd-audio; cd-rom; dvd-rom. dimens\u00f5es da embalagem: comprimento 22,2cm, di\u00e2metro \u00f815,7cm, produndidade: 1,18cm. tipo de embalagem: bl\u00edster<\/p>\n","protected":false},"featured_media":60399,"comment_status":"open","ping_status":"closed","template":"","meta":[],"product_brand":[],"product_cat":[509,12320],"product_tag":[],"class_list":{"0":"post-60400","1":"product","2":"type-product","3":"status-publish","4":"has-post-thumbnail","6":"product_cat-imagem-e-som","7":"product_cat-radios-dvd","9":"first","10":"instock","11":"taxable","12":"shipping-taxable","13":"purchasable","14":"product-type-simple"},"_links":{"self":[{"href":"https:\/\/casafreitas.pt\/loja\/wp-json\/wp\/v2\/product\/60400","targetHints":{"allow":["GET"]}}],"collection":[{"href":"https:\/\/casafreitas.pt\/loja\/wp-json\/wp\/v2\/product"}],"about":[{"href":"https:\/\/casafreitas.pt\/loja\/wp-json\/wp\/v2\/types\/product"}],"replies":[{"embeddable":true,"href":"https:\/\/casafreitas.pt\/loja\/wp-json\/wp\/v2\/comments?post=60400"}],"version-history":[{"count":1,"href":"https:\/\/casafreitas.pt\/loja\/wp-json\/wp\/v2\/product\/60400\/revisions"}],"predecessor-version":[{"id":60401,"href":"https:\/\/casafreitas.pt\/loja\/wp-json\/wp\/v2\/product\/60400\/revisions\/60401"}],"wp:featuredmedia":[{"embeddable":true,"href":"https:\/\/casafreitas.pt\/loja\/wp-json\/wp\/v2\/media\/60399"}],"wp:attachment":[{"href":"https:\/\/casafreitas.pt\/loja\/wp-json\/wp\/v2\/media?parent=60400"}],"wp:term":[{"taxonomy":"product_brand","embeddable":true,"href":"https:\/\/casafreitas.pt\/loja\/wp-json\/wp\/v2\/product_brand?post=60400"},{"taxonomy":"product_cat","embeddable":true,"href":"https:\/\/casafreitas.pt\/loja\/wp-json\/wp\/v2\/product_cat?post=60400"},{"taxonomy":"product_tag","embeddable":true,"href":"https:\/\/casafreitas.pt\/loja\/wp-json\/wp\/v2\/product_tag?post=60400"}],"curies":[{"name":"wp","href":"https:\/\/api.w.org\/{rel}","templated":true}]}}