{"id":60226,"date":"2025-09-22T15:09:29","date_gmt":"2025-09-22T15:09:29","guid":{"rendered":"https:\/\/casafreitas.pt\/loja\/produto\/memoria-usb-basica-pendrive-branco-16-gb-tipo-a\/"},"modified":"2025-10-24T00:25:20","modified_gmt":"2025-10-24T00:25:20","slug":"memoria-usb-basica-pendrive-branco-16-gb-tipo-a","status":"publish","type":"product","link":"https:\/\/casafreitas.pt\/loja\/produto\/memoria-usb-basica-pendrive-branco-16-gb-tipo-a\/","title":{"rendered":"Mem\u00f3ria usb b\u00e1sica pendrive branco 16 gb tipo a"},"content":{"rendered":"","protected":false},"excerpt":{"rendered":"<p>Pendrive b\u00e1sico branco mem\u00f3ria usb com capacidade at\u00e9 16 gb tipo a<\/p>\n","protected":false},"featured_media":60225,"comment_status":"open","ping_status":"closed","template":"","meta":[],"product_brand":[],"product_cat":[509,12302],"product_tag":[],"class_list":{"0":"post-60226","1":"product","2":"type-product","3":"status-publish","4":"has-post-thumbnail","6":"product_cat-imagem-e-som","7":"product_cat-pen-drive","9":"first","10":"instock","11":"taxable","12":"shipping-taxable","13":"purchasable","14":"product-type-simple"},"_links":{"self":[{"href":"https:\/\/casafreitas.pt\/loja\/wp-json\/wp\/v2\/product\/60226","targetHints":{"allow":["GET"]}}],"collection":[{"href":"https:\/\/casafreitas.pt\/loja\/wp-json\/wp\/v2\/product"}],"about":[{"href":"https:\/\/casafreitas.pt\/loja\/wp-json\/wp\/v2\/types\/product"}],"replies":[{"embeddable":true,"href":"https:\/\/casafreitas.pt\/loja\/wp-json\/wp\/v2\/comments?post=60226"}],"version-history":[{"count":1,"href":"https:\/\/casafreitas.pt\/loja\/wp-json\/wp\/v2\/product\/60226\/revisions"}],"predecessor-version":[{"id":60227,"href":"https:\/\/casafreitas.pt\/loja\/wp-json\/wp\/v2\/product\/60226\/revisions\/60227"}],"wp:featuredmedia":[{"embeddable":true,"href":"https:\/\/casafreitas.pt\/loja\/wp-json\/wp\/v2\/media\/60225"}],"wp:attachment":[{"href":"https:\/\/casafreitas.pt\/loja\/wp-json\/wp\/v2\/media?parent=60226"}],"wp:term":[{"taxonomy":"product_brand","embeddable":true,"href":"https:\/\/casafreitas.pt\/loja\/wp-json\/wp\/v2\/product_brand?post=60226"},{"taxonomy":"product_cat","embeddable":true,"href":"https:\/\/casafreitas.pt\/loja\/wp-json\/wp\/v2\/product_cat?post=60226"},{"taxonomy":"product_tag","embeddable":true,"href":"https:\/\/casafreitas.pt\/loja\/wp-json\/wp\/v2\/product_tag?post=60226"}],"curies":[{"name":"wp","href":"https:\/\/api.w.org\/{rel}","templated":true}]}}