{"id":60208,"date":"2025-09-22T15:08:53","date_gmt":"2025-09-22T15:08:53","guid":{"rendered":"https:\/\/casafreitas.pt\/loja\/produto\/carregador-ultra-rapido-usb-c-usb-a-pd-25-w-branco\/"},"modified":"2025-10-24T00:25:19","modified_gmt":"2025-10-24T00:25:19","slug":"carregador-ultra-rapido-usb-c-usb-a-pd-25-w-branco","status":"publish","type":"product","link":"https:\/\/casafreitas.pt\/loja\/produto\/carregador-ultra-rapido-usb-c-usb-a-pd-25-w-branco\/","title":{"rendered":"Carregador ultra-r\u00e1pido usb-c + usb-a pd de 25 w, branco"},"content":{"rendered":"","protected":false},"excerpt":{"rendered":"<p>Carregador ultra-r\u00e1pido power delivery 3.0 (pd) de 25 w, branco. carregue at\u00e9 400% mais r\u00e1pido do que um carregador padr\u00e3o de 5 w. compat\u00edvel com dispositivos anteriores. 2 conectores: 25w usb-c + 18w usb-a<\/p>\n","protected":false},"featured_media":60207,"comment_status":"open","ping_status":"closed","template":"","meta":[],"product_brand":[],"product_cat":[12308,509],"product_tag":[],"class_list":{"0":"post-60208","1":"product","2":"type-product","3":"status-publish","4":"has-post-thumbnail","6":"product_cat-carregadores-usb","7":"product_cat-imagem-e-som","9":"first","10":"instock","11":"taxable","12":"shipping-taxable","13":"purchasable","14":"product-type-simple"},"_links":{"self":[{"href":"https:\/\/casafreitas.pt\/loja\/wp-json\/wp\/v2\/product\/60208","targetHints":{"allow":["GET"]}}],"collection":[{"href":"https:\/\/casafreitas.pt\/loja\/wp-json\/wp\/v2\/product"}],"about":[{"href":"https:\/\/casafreitas.pt\/loja\/wp-json\/wp\/v2\/types\/product"}],"replies":[{"embeddable":true,"href":"https:\/\/casafreitas.pt\/loja\/wp-json\/wp\/v2\/comments?post=60208"}],"version-history":[{"count":1,"href":"https:\/\/casafreitas.pt\/loja\/wp-json\/wp\/v2\/product\/60208\/revisions"}],"predecessor-version":[{"id":60209,"href":"https:\/\/casafreitas.pt\/loja\/wp-json\/wp\/v2\/product\/60208\/revisions\/60209"}],"wp:featuredmedia":[{"embeddable":true,"href":"https:\/\/casafreitas.pt\/loja\/wp-json\/wp\/v2\/media\/60207"}],"wp:attachment":[{"href":"https:\/\/casafreitas.pt\/loja\/wp-json\/wp\/v2\/media?parent=60208"}],"wp:term":[{"taxonomy":"product_brand","embeddable":true,"href":"https:\/\/casafreitas.pt\/loja\/wp-json\/wp\/v2\/product_brand?post=60208"},{"taxonomy":"product_cat","embeddable":true,"href":"https:\/\/casafreitas.pt\/loja\/wp-json\/wp\/v2\/product_cat?post=60208"},{"taxonomy":"product_tag","embeddable":true,"href":"https:\/\/casafreitas.pt\/loja\/wp-json\/wp\/v2\/product_tag?post=60208"}],"curies":[{"name":"wp","href":"https:\/\/api.w.org\/{rel}","templated":true}]}}