{"id":60205,"date":"2025-09-22T15:08:47","date_gmt":"2025-09-22T15:08:47","guid":{"rendered":"https:\/\/casafreitas.pt\/loja\/produto\/exibicao-carregador-eko-contem-27-produtos-400-x-600-x-150-mm\/"},"modified":"2025-10-24T00:25:19","modified_gmt":"2025-10-24T00:25:19","slug":"exibicao-carregador-eko-contem-27-produtos-400-x-600-x-150-mm","status":"publish","type":"product","link":"https:\/\/casafreitas.pt\/loja\/produto\/exibicao-carregador-eko-contem-27-produtos-400-x-600-x-150-mm\/","title":{"rendered":"Exibi\u00e7\u00e3o do carregador eko, cont\u00e9m 27 produtos, 400 x 600 x 150 mm"},"content":{"rendered":"","protected":false},"excerpt":{"rendered":"<p>Suporte de base com 9 ganchos e capacidade para 27 produtos. cont\u00e9m refer\u00eancias: 3 x 56019, 3 x 51706, 3 x 51704, 3 x 51711, 3 x 51712, 3 x 51705, 3 x 51703, 3 x 51702, 3 x 51725, 400 x 600 x 150 mm<\/p>\n","protected":false},"featured_media":60204,"comment_status":"open","ping_status":"closed","template":"","meta":[],"product_brand":[],"product_cat":[12308,509],"product_tag":[],"class_list":{"0":"post-60205","1":"product","2":"type-product","3":"status-publish","4":"has-post-thumbnail","6":"product_cat-carregadores-usb","7":"product_cat-imagem-e-som","9":"first","10":"instock","11":"taxable","12":"shipping-taxable","13":"purchasable","14":"product-type-simple"},"_links":{"self":[{"href":"https:\/\/casafreitas.pt\/loja\/wp-json\/wp\/v2\/product\/60205","targetHints":{"allow":["GET"]}}],"collection":[{"href":"https:\/\/casafreitas.pt\/loja\/wp-json\/wp\/v2\/product"}],"about":[{"href":"https:\/\/casafreitas.pt\/loja\/wp-json\/wp\/v2\/types\/product"}],"replies":[{"embeddable":true,"href":"https:\/\/casafreitas.pt\/loja\/wp-json\/wp\/v2\/comments?post=60205"}],"version-history":[{"count":1,"href":"https:\/\/casafreitas.pt\/loja\/wp-json\/wp\/v2\/product\/60205\/revisions"}],"predecessor-version":[{"id":60206,"href":"https:\/\/casafreitas.pt\/loja\/wp-json\/wp\/v2\/product\/60205\/revisions\/60206"}],"wp:featuredmedia":[{"embeddable":true,"href":"https:\/\/casafreitas.pt\/loja\/wp-json\/wp\/v2\/media\/60204"}],"wp:attachment":[{"href":"https:\/\/casafreitas.pt\/loja\/wp-json\/wp\/v2\/media?parent=60205"}],"wp:term":[{"taxonomy":"product_brand","embeddable":true,"href":"https:\/\/casafreitas.pt\/loja\/wp-json\/wp\/v2\/product_brand?post=60205"},{"taxonomy":"product_cat","embeddable":true,"href":"https:\/\/casafreitas.pt\/loja\/wp-json\/wp\/v2\/product_cat?post=60205"},{"taxonomy":"product_tag","embeddable":true,"href":"https:\/\/casafreitas.pt\/loja\/wp-json\/wp\/v2\/product_tag?post=60205"}],"curies":[{"name":"wp","href":"https:\/\/api.w.org\/{rel}","templated":true}]}}