{"id":25279,"date":"2025-05-31T16:12:24","date_gmt":"2025-05-31T16:12:24","guid":{"rendered":"https:\/\/casafreitas.pt\/loja\/produto\/emissor-term-hjm-1000w-alhet-esd08\/"},"modified":"2025-11-15T08:01:05","modified_gmt":"2025-11-15T08:01:05","slug":"emissor-term-hjm-1000w-alhet-esd08","status":"publish","type":"product","link":"https:\/\/casafreitas.pt\/loja\/produto\/emissor-term-hjm-1000w-alhet-esd08\/","title":{"rendered":"EMISSOR TERM HJM 1000W.ALHET-ESD08"},"content":{"rendered":"","protected":false},"excerpt":{"rendered":"<p><b>Pot\u00eancia:<\/b> 1000 W<br \/><b>Dimens\u00e3o:<\/b> 57,5 x 68,2 x 9,6 cm (AxLxP)<br \/><b>Cor:<\/b> Branco<br \/><b>Acess\u00f3rios Inclu\u00eddos:<\/b> Kit de suportes de fixa\u00e7\u00e3o \u00e0 parede<br \/><b>Garantia:<\/b> 3 anos<\/p>\n","protected":false},"featured_media":25278,"comment_status":"open","ping_status":"closed","template":"","meta":[],"product_brand":[],"product_cat":[2365,2364,2535],"product_tag":[],"class_list":{"0":"post-25279","1":"product","2":"type-product","3":"status-publish","4":"has-post-thumbnail","6":"product_cat-aquecimento","7":"product_cat-climatizacao","8":"product_cat-emissores-termicos","10":"first","11":"instock","12":"taxable","13":"shipping-taxable","14":"purchasable","15":"product-type-simple"},"_links":{"self":[{"href":"https:\/\/casafreitas.pt\/loja\/wp-json\/wp\/v2\/product\/25279","targetHints":{"allow":["GET"]}}],"collection":[{"href":"https:\/\/casafreitas.pt\/loja\/wp-json\/wp\/v2\/product"}],"about":[{"href":"https:\/\/casafreitas.pt\/loja\/wp-json\/wp\/v2\/types\/product"}],"replies":[{"embeddable":true,"href":"https:\/\/casafreitas.pt\/loja\/wp-json\/wp\/v2\/comments?post=25279"}],"version-history":[{"count":1,"href":"https:\/\/casafreitas.pt\/loja\/wp-json\/wp\/v2\/product\/25279\/revisions"}],"predecessor-version":[{"id":25280,"href":"https:\/\/casafreitas.pt\/loja\/wp-json\/wp\/v2\/product\/25279\/revisions\/25280"}],"wp:featuredmedia":[{"embeddable":true,"href":"https:\/\/casafreitas.pt\/loja\/wp-json\/wp\/v2\/media\/25278"}],"wp:attachment":[{"href":"https:\/\/casafreitas.pt\/loja\/wp-json\/wp\/v2\/media?parent=25279"}],"wp:term":[{"taxonomy":"product_brand","embeddable":true,"href":"https:\/\/casafreitas.pt\/loja\/wp-json\/wp\/v2\/product_brand?post=25279"},{"taxonomy":"product_cat","embeddable":true,"href":"https:\/\/casafreitas.pt\/loja\/wp-json\/wp\/v2\/product_cat?post=25279"},{"taxonomy":"product_tag","embeddable":true,"href":"https:\/\/casafreitas.pt\/loja\/wp-json\/wp\/v2\/product_tag?post=25279"}],"curies":[{"name":"wp","href":"https:\/\/api.w.org\/{rel}","templated":true}]}}