{"id":24144,"date":"2025-05-31T15:38:48","date_gmt":"2025-05-31T15:38:48","guid":{"rendered":"https:\/\/casafreitas.pt\/loja\/produto\/kit-solar-vulcano-a1-ts150-2e-fcc2sai\/"},"modified":"2025-10-24T07:22:55","modified_gmt":"2025-10-24T07:22:55","slug":"kit-solar-vulcano-a1-ts150-2e-fcc2sai","status":"publish","type":"product","link":"https:\/\/casafreitas.pt\/loja\/produto\/kit-solar-vulcano-a1-ts150-2e-fcc2sai\/","title":{"rendered":"KIT SOLAR VULCANO -A1\/TS150.2E\/FCC2SAI"},"content":{"rendered":"","protected":false},"excerpt":{"rendered":"<p><b>Capacidade:<\/b> 145 Litros<br \/><b>Dimens\u00e3o:<\/b> 167,5 x 134,5 x 236,5 cm (AxLxP)<br \/><b>Acess\u00f3rios Inclu\u00eddos:<\/b> Kit de acess\u00f3rios de liga\u00e7\u00e3o (HTSS 150-300)<br \/><b>Garantia:<\/b> 3 anos<\/p>\n","protected":false},"featured_media":24143,"comment_status":"open","ping_status":"closed","template":"","meta":[],"product_brand":[],"product_cat":[2364,2785,2395],"product_tag":[],"class_list":{"0":"post-24144","1":"product","2":"type-product","3":"status-publish","4":"has-post-thumbnail","6":"product_cat-climatizacao","7":"product_cat-paineis-solares","8":"product_cat-sistemas-aquec-solar","10":"first","11":"instock","12":"taxable","13":"shipping-taxable","14":"purchasable","15":"product-type-simple"},"_links":{"self":[{"href":"https:\/\/casafreitas.pt\/loja\/wp-json\/wp\/v2\/product\/24144","targetHints":{"allow":["GET"]}}],"collection":[{"href":"https:\/\/casafreitas.pt\/loja\/wp-json\/wp\/v2\/product"}],"about":[{"href":"https:\/\/casafreitas.pt\/loja\/wp-json\/wp\/v2\/types\/product"}],"replies":[{"embeddable":true,"href":"https:\/\/casafreitas.pt\/loja\/wp-json\/wp\/v2\/comments?post=24144"}],"version-history":[{"count":1,"href":"https:\/\/casafreitas.pt\/loja\/wp-json\/wp\/v2\/product\/24144\/revisions"}],"predecessor-version":[{"id":24145,"href":"https:\/\/casafreitas.pt\/loja\/wp-json\/wp\/v2\/product\/24144\/revisions\/24145"}],"wp:featuredmedia":[{"embeddable":true,"href":"https:\/\/casafreitas.pt\/loja\/wp-json\/wp\/v2\/media\/24143"}],"wp:attachment":[{"href":"https:\/\/casafreitas.pt\/loja\/wp-json\/wp\/v2\/media?parent=24144"}],"wp:term":[{"taxonomy":"product_brand","embeddable":true,"href":"https:\/\/casafreitas.pt\/loja\/wp-json\/wp\/v2\/product_brand?post=24144"},{"taxonomy":"product_cat","embeddable":true,"href":"https:\/\/casafreitas.pt\/loja\/wp-json\/wp\/v2\/product_cat?post=24144"},{"taxonomy":"product_tag","embeddable":true,"href":"https:\/\/casafreitas.pt\/loja\/wp-json\/wp\/v2\/product_tag?post=24144"}],"curies":[{"name":"wp","href":"https:\/\/api.w.org\/{rel}","templated":true}]}}