{"id":133828,"date":"2025-11-28T22:19:05","date_gmt":"2025-11-28T22:19:05","guid":{"rendered":"https:\/\/casafreitas.pt\/loja\/produto\/plafon-led-circular-charly-400-46-w-3cct-reg-5060-lm-branco-o40-cm\/"},"modified":"2025-11-28T22:19:06","modified_gmt":"2025-11-28T22:19:06","slug":"plafon-led-circular-charly-400-46-w-3cct-reg-5060-lm-branco-o40-cm","status":"publish","type":"product","link":"https:\/\/casafreitas.pt\/loja\/produto\/plafon-led-circular-charly-400-46-w-3cct-reg-5060-lm-branco-o40-cm\/","title":{"rendered":"Plaf\u00f3n led circular charly 400 46 w 3cct reg 5060 lm, branco, \u00f840 cm"},"content":{"rendered":"","protected":false},"excerpt":{"rendered":"<p>Plaf\u00f3n led circular charly 400 de 46 w, temperatura de cor de 3000-4000-6000 k, regul\u00e1vel, 5060 lm; \u00e2ngulo de abertura de 120\u00b0; irc 80; tr\u00eas n\u00edveis de intensidade: 20-50-100%, ajust\u00e1veis; modo noturno, mem\u00f3ria ligado e temporizador de 1 a 2 h; com comando; vida \u00fatil de 20.000 h, 15.000 ciclos; ip20; classe de prote\u00e7\u00e3o ii; classe energ\u00e9tica e; 220-240 v ~ 50-60 hz; branca, \u00f840 cm<\/p>\n","protected":false},"featured_media":133827,"comment_status":"open","ping_status":"closed","template":"","meta":[],"product_brand":[],"product_cat":[17934,18008],"product_tag":[13371],"class_list":{"0":"post-133828","1":"product","2":"type-product","3":"status-publish","4":"has-post-thumbnail","6":"product_cat-apliques-interior-iluminacao","7":"product_cat-iluminacao","8":"product_tag-cristalrecord","10":"first","11":"instock","12":"taxable","13":"shipping-taxable","14":"purchasable","15":"product-type-simple"},"_links":{"self":[{"href":"https:\/\/casafreitas.pt\/loja\/wp-json\/wp\/v2\/product\/133828","targetHints":{"allow":["GET"]}}],"collection":[{"href":"https:\/\/casafreitas.pt\/loja\/wp-json\/wp\/v2\/product"}],"about":[{"href":"https:\/\/casafreitas.pt\/loja\/wp-json\/wp\/v2\/types\/product"}],"replies":[{"embeddable":true,"href":"https:\/\/casafreitas.pt\/loja\/wp-json\/wp\/v2\/comments?post=133828"}],"version-history":[{"count":1,"href":"https:\/\/casafreitas.pt\/loja\/wp-json\/wp\/v2\/product\/133828\/revisions"}],"predecessor-version":[{"id":133829,"href":"https:\/\/casafreitas.pt\/loja\/wp-json\/wp\/v2\/product\/133828\/revisions\/133829"}],"wp:featuredmedia":[{"embeddable":true,"href":"https:\/\/casafreitas.pt\/loja\/wp-json\/wp\/v2\/media\/133827"}],"wp:attachment":[{"href":"https:\/\/casafreitas.pt\/loja\/wp-json\/wp\/v2\/media?parent=133828"}],"wp:term":[{"taxonomy":"product_brand","embeddable":true,"href":"https:\/\/casafreitas.pt\/loja\/wp-json\/wp\/v2\/product_brand?post=133828"},{"taxonomy":"product_cat","embeddable":true,"href":"https:\/\/casafreitas.pt\/loja\/wp-json\/wp\/v2\/product_cat?post=133828"},{"taxonomy":"product_tag","embeddable":true,"href":"https:\/\/casafreitas.pt\/loja\/wp-json\/wp\/v2\/product_tag?post=133828"}],"curies":[{"name":"wp","href":"https:\/\/api.w.org\/{rel}","templated":true}]}}