{"id":133804,"date":"2025-11-28T22:14:32","date_gmt":"2025-11-28T22:14:32","guid":{"rendered":"https:\/\/casafreitas.pt\/loja\/produto\/foco-2-elementos-sahara-jateado-gu10-10-w-lampadas-nao-incluidas-branco-30-x-6-x-21-cm\/"},"modified":"2025-11-28T22:14:34","modified_gmt":"2025-11-28T22:14:34","slug":"foco-2-elementos-sahara-jateado-gu10-10-w-lampadas-nao-incluidas-branco-30-x-6-x-21-cm","status":"publish","type":"product","link":"https:\/\/casafreitas.pt\/loja\/produto\/foco-2-elementos-sahara-jateado-gu10-10-w-lampadas-nao-incluidas-branco-30-x-6-x-21-cm\/","title":{"rendered":"Foco 2 elementos sahara jateado, gu10, 10 w (l\u00e2mpadas n\u00e3o inclu\u00eddas), branco, 30 x 6 x 21 cm"},"content":{"rendered":"","protected":false},"excerpt":{"rendered":"<p>Foco 2 elementos sahara jateado gu10 10 w (l\u00e2mpadas n\u00e3o inclu\u00eddas); cil\u00edndricos de alum\u00ednio texturizado em relevo com parte inferior de grelha; ip20; prote\u00e7\u00e3o classe i; 220-240 v~50 hz; branco; 30 x 6 x 21 cm<\/p>\n","protected":false},"featured_media":133803,"comment_status":"open","ping_status":"closed","template":"","meta":[],"product_brand":[],"product_cat":[17946,18008],"product_tag":[13371],"class_list":{"0":"post-133804","1":"product","2":"type-product","3":"status-publish","4":"has-post-thumbnail","6":"product_cat-focos-armaduras-iluminacao-2","7":"product_cat-iluminacao","8":"product_tag-cristalrecord","10":"first","11":"instock","12":"taxable","13":"shipping-taxable","14":"purchasable","15":"product-type-simple"},"_links":{"self":[{"href":"https:\/\/casafreitas.pt\/loja\/wp-json\/wp\/v2\/product\/133804","targetHints":{"allow":["GET"]}}],"collection":[{"href":"https:\/\/casafreitas.pt\/loja\/wp-json\/wp\/v2\/product"}],"about":[{"href":"https:\/\/casafreitas.pt\/loja\/wp-json\/wp\/v2\/types\/product"}],"replies":[{"embeddable":true,"href":"https:\/\/casafreitas.pt\/loja\/wp-json\/wp\/v2\/comments?post=133804"}],"version-history":[{"count":1,"href":"https:\/\/casafreitas.pt\/loja\/wp-json\/wp\/v2\/product\/133804\/revisions"}],"predecessor-version":[{"id":133805,"href":"https:\/\/casafreitas.pt\/loja\/wp-json\/wp\/v2\/product\/133804\/revisions\/133805"}],"wp:featuredmedia":[{"embeddable":true,"href":"https:\/\/casafreitas.pt\/loja\/wp-json\/wp\/v2\/media\/133803"}],"wp:attachment":[{"href":"https:\/\/casafreitas.pt\/loja\/wp-json\/wp\/v2\/media?parent=133804"}],"wp:term":[{"taxonomy":"product_brand","embeddable":true,"href":"https:\/\/casafreitas.pt\/loja\/wp-json\/wp\/v2\/product_brand?post=133804"},{"taxonomy":"product_cat","embeddable":true,"href":"https:\/\/casafreitas.pt\/loja\/wp-json\/wp\/v2\/product_cat?post=133804"},{"taxonomy":"product_tag","embeddable":true,"href":"https:\/\/casafreitas.pt\/loja\/wp-json\/wp\/v2\/product_tag?post=133804"}],"curies":[{"name":"wp","href":"https:\/\/api.w.org\/{rel}","templated":true}]}}