{"id":133801,"date":"2025-11-28T22:13:58","date_gmt":"2025-11-28T22:13:58","guid":{"rendered":"https:\/\/casafreitas.pt\/loja\/produto\/foco-1-elemento-sahara-jateado-gu10-10-w-lampada-nao-incluida-preto-o6-x-14-cm\/"},"modified":"2025-11-28T22:13:59","modified_gmt":"2025-11-28T22:13:59","slug":"foco-1-elemento-sahara-jateado-gu10-10-w-lampada-nao-incluida-preto-o6-x-14-cm","status":"publish","type":"product","link":"https:\/\/casafreitas.pt\/loja\/produto\/foco-1-elemento-sahara-jateado-gu10-10-w-lampada-nao-incluida-preto-o6-x-14-cm\/","title":{"rendered":"Foco 1 elemento sahara jateado, gu10, 10 w (l\u00e2mpada n\u00e3o inclu\u00edda), preto, \u00f86 x 14 cm"},"content":{"rendered":"","protected":false},"excerpt":{"rendered":"<p>Foco 1 elemento sahara jateado gu10, 10 w (l\u00e2mpada n\u00e3o inclu\u00edda); cil\u00edndrico de alum\u00ednio texturizado em relevo com parte inferior de grelha; ip20; prote\u00e7\u00e3o classe i; 220-240 v~50 hz; preto; \u00f86 x 14 cm<\/p>\n","protected":false},"featured_media":133800,"comment_status":"open","ping_status":"closed","template":"","meta":[],"product_brand":[],"product_cat":[17946,18008],"product_tag":[13371],"class_list":{"0":"post-133801","1":"product","2":"type-product","3":"status-publish","4":"has-post-thumbnail","6":"product_cat-focos-armaduras-iluminacao-2","7":"product_cat-iluminacao","8":"product_tag-cristalrecord","10":"first","11":"instock","12":"taxable","13":"shipping-taxable","14":"purchasable","15":"product-type-simple"},"_links":{"self":[{"href":"https:\/\/casafreitas.pt\/loja\/wp-json\/wp\/v2\/product\/133801","targetHints":{"allow":["GET"]}}],"collection":[{"href":"https:\/\/casafreitas.pt\/loja\/wp-json\/wp\/v2\/product"}],"about":[{"href":"https:\/\/casafreitas.pt\/loja\/wp-json\/wp\/v2\/types\/product"}],"replies":[{"embeddable":true,"href":"https:\/\/casafreitas.pt\/loja\/wp-json\/wp\/v2\/comments?post=133801"}],"version-history":[{"count":1,"href":"https:\/\/casafreitas.pt\/loja\/wp-json\/wp\/v2\/product\/133801\/revisions"}],"predecessor-version":[{"id":133802,"href":"https:\/\/casafreitas.pt\/loja\/wp-json\/wp\/v2\/product\/133801\/revisions\/133802"}],"wp:featuredmedia":[{"embeddable":true,"href":"https:\/\/casafreitas.pt\/loja\/wp-json\/wp\/v2\/media\/133800"}],"wp:attachment":[{"href":"https:\/\/casafreitas.pt\/loja\/wp-json\/wp\/v2\/media?parent=133801"}],"wp:term":[{"taxonomy":"product_brand","embeddable":true,"href":"https:\/\/casafreitas.pt\/loja\/wp-json\/wp\/v2\/product_brand?post=133801"},{"taxonomy":"product_cat","embeddable":true,"href":"https:\/\/casafreitas.pt\/loja\/wp-json\/wp\/v2\/product_cat?post=133801"},{"taxonomy":"product_tag","embeddable":true,"href":"https:\/\/casafreitas.pt\/loja\/wp-json\/wp\/v2\/product_tag?post=133801"}],"curies":[{"name":"wp","href":"https:\/\/api.w.org\/{rel}","templated":true}]}}