{"id":133789,"date":"2025-11-28T22:11:44","date_gmt":"2025-11-28T22:11:44","guid":{"rendered":"https:\/\/casafreitas.pt\/loja\/produto\/aplique-led-classic-3-w-4000-k-450-lm-preto-35-x-63-cm\/"},"modified":"2025-11-28T22:11:45","modified_gmt":"2025-11-28T22:11:45","slug":"aplique-led-classic-3-w-4000-k-450-lm-preto-35-x-63-cm","status":"publish","type":"product","link":"https:\/\/casafreitas.pt\/loja\/produto\/aplique-led-classic-3-w-4000-k-450-lm-preto-35-x-63-cm\/","title":{"rendered":"Aplique led classic 3 w, 4000 k, 450 lm, preto, 35 x 6,3 cm"},"content":{"rendered":"","protected":false},"excerpt":{"rendered":"<p>Aplique led cl\u00e1ssico 3 w, 4000 k, 450 lm; material alum\u00ednio, ip20; classe prote\u00e7\u00e3o ii; classe energ\u00e9tica g; 220-230 v~50 hz; flex\u00edvel, focalizado. para luz auxiliar\/leitura junto \u00e0 cabeceira da cama, cor preta, 35 x 6,3 cm<\/p>\n","protected":false},"featured_media":133788,"comment_status":"open","ping_status":"closed","template":"","meta":[],"product_brand":[],"product_cat":[17934,18008],"product_tag":[13371],"class_list":{"0":"post-133789","1":"product","2":"type-product","3":"status-publish","4":"has-post-thumbnail","6":"product_cat-apliques-interior-iluminacao","7":"product_cat-iluminacao","8":"product_tag-cristalrecord","10":"first","11":"instock","12":"taxable","13":"shipping-taxable","14":"purchasable","15":"product-type-simple"},"_links":{"self":[{"href":"https:\/\/casafreitas.pt\/loja\/wp-json\/wp\/v2\/product\/133789","targetHints":{"allow":["GET"]}}],"collection":[{"href":"https:\/\/casafreitas.pt\/loja\/wp-json\/wp\/v2\/product"}],"about":[{"href":"https:\/\/casafreitas.pt\/loja\/wp-json\/wp\/v2\/types\/product"}],"replies":[{"embeddable":true,"href":"https:\/\/casafreitas.pt\/loja\/wp-json\/wp\/v2\/comments?post=133789"}],"version-history":[{"count":1,"href":"https:\/\/casafreitas.pt\/loja\/wp-json\/wp\/v2\/product\/133789\/revisions"}],"predecessor-version":[{"id":133790,"href":"https:\/\/casafreitas.pt\/loja\/wp-json\/wp\/v2\/product\/133789\/revisions\/133790"}],"wp:featuredmedia":[{"embeddable":true,"href":"https:\/\/casafreitas.pt\/loja\/wp-json\/wp\/v2\/media\/133788"}],"wp:attachment":[{"href":"https:\/\/casafreitas.pt\/loja\/wp-json\/wp\/v2\/media?parent=133789"}],"wp:term":[{"taxonomy":"product_brand","embeddable":true,"href":"https:\/\/casafreitas.pt\/loja\/wp-json\/wp\/v2\/product_brand?post=133789"},{"taxonomy":"product_cat","embeddable":true,"href":"https:\/\/casafreitas.pt\/loja\/wp-json\/wp\/v2\/product_cat?post=133789"},{"taxonomy":"product_tag","embeddable":true,"href":"https:\/\/casafreitas.pt\/loja\/wp-json\/wp\/v2\/product_tag?post=133789"}],"curies":[{"name":"wp","href":"https:\/\/api.w.org\/{rel}","templated":true}]}}