{"id":133491,"date":"2025-11-26T22:09:39","date_gmt":"2025-11-26T22:09:39","guid":{"rendered":"https:\/\/casafreitas.pt\/loja\/produto\/tubo-flexivel-inoxidavel-f-%c2%bd-pol-f-3-8-pol-50-cm\/"},"modified":"2025-11-26T22:09:41","modified_gmt":"2025-11-26T22:09:41","slug":"tubo-flexivel-inoxidavel-f-%c2%bd-pol-f-3-8-pol-50-cm","status":"publish","type":"product","link":"https:\/\/casafreitas.pt\/loja\/produto\/tubo-flexivel-inoxidavel-f-%c2%bd-pol-f-3-8-pol-50-cm\/","title":{"rendered":"Tubo flex\u00edvel inoxid\u00e1vel f \u00bd pol-f 3\/8 pol, 50 cm"},"content":{"rendered":"","protected":false},"excerpt":{"rendered":"<p>Tubo flex\u00edvel inoxid\u00e1vel sanit\u00e1rio dn8x12 f\u00eamea de \u00bd pol &#8211; f\u00eamea de 3\/8 pol de 500 mm de comprimento, \u00f86 interior, caudal 28 l\/min, m\u00e1ximo 10 bar &#8211; 70\u00b0c, para \u00e1gua pot\u00e1vel<\/p>\n","protected":false},"featured_media":133490,"comment_status":"open","ping_status":"closed","template":"","meta":[],"product_brand":[],"product_cat":[17600,18004],"product_tag":[18200],"class_list":{"0":"post-133491","1":"product","2":"type-product","3":"status-publish","4":"has-post-thumbnail","6":"product_cat-mangueiras-construcao","7":"product_cat-construcao","8":"product_tag-taq","10":"first","11":"instock","12":"taxable","13":"shipping-taxable","14":"purchasable","15":"product-type-simple"},"_links":{"self":[{"href":"https:\/\/casafreitas.pt\/loja\/wp-json\/wp\/v2\/product\/133491","targetHints":{"allow":["GET"]}}],"collection":[{"href":"https:\/\/casafreitas.pt\/loja\/wp-json\/wp\/v2\/product"}],"about":[{"href":"https:\/\/casafreitas.pt\/loja\/wp-json\/wp\/v2\/types\/product"}],"replies":[{"embeddable":true,"href":"https:\/\/casafreitas.pt\/loja\/wp-json\/wp\/v2\/comments?post=133491"}],"version-history":[{"count":1,"href":"https:\/\/casafreitas.pt\/loja\/wp-json\/wp\/v2\/product\/133491\/revisions"}],"predecessor-version":[{"id":133492,"href":"https:\/\/casafreitas.pt\/loja\/wp-json\/wp\/v2\/product\/133491\/revisions\/133492"}],"wp:featuredmedia":[{"embeddable":true,"href":"https:\/\/casafreitas.pt\/loja\/wp-json\/wp\/v2\/media\/133490"}],"wp:attachment":[{"href":"https:\/\/casafreitas.pt\/loja\/wp-json\/wp\/v2\/media?parent=133491"}],"wp:term":[{"taxonomy":"product_brand","embeddable":true,"href":"https:\/\/casafreitas.pt\/loja\/wp-json\/wp\/v2\/product_brand?post=133491"},{"taxonomy":"product_cat","embeddable":true,"href":"https:\/\/casafreitas.pt\/loja\/wp-json\/wp\/v2\/product_cat?post=133491"},{"taxonomy":"product_tag","embeddable":true,"href":"https:\/\/casafreitas.pt\/loja\/wp-json\/wp\/v2\/product_tag?post=133491"}],"curies":[{"name":"wp","href":"https:\/\/api.w.org\/{rel}","templated":true}]}}