{"id":133449,"date":"2025-11-25T22:08:23","date_gmt":"2025-11-25T22:08:23","guid":{"rendered":"https:\/\/casafreitas.pt\/loja\/produto\/led-rotativo-laranja-bm203wl-boxmind\/"},"modified":"2025-11-25T22:08:24","modified_gmt":"2025-11-25T22:08:24","slug":"led-rotativo-laranja-bm203wl-boxmind","status":"publish","type":"product","link":"https:\/\/casafreitas.pt\/loja\/produto\/led-rotativo-laranja-bm203wl-boxmind\/","title":{"rendered":"Led rotativo laranja bm203wl. boxmind"},"content":{"rendered":"","protected":false},"excerpt":{"rendered":"<p>Led rotativo laranja bm203wl. base din flex\u00edvel, 45 leds, 12-24v dc, 1,6a a 12v &#8211; 0,8a a 24v, ip65, 133 x 133 x 200 mm, 3 fun\u00e7\u00f5es<\/p>\n","protected":false},"featured_media":133448,"comment_status":"open","ping_status":"closed","template":"","meta":[],"product_brand":[],"product_cat":[17758,18005],"product_tag":[],"class_list":{"0":"post-133449","1":"product","2":"type-product","3":"status-publish","4":"has-post-thumbnail","6":"product_cat-iluminacao-desporto-e-campismo","7":"product_cat-desporto-campismo","9":"first","10":"instock","11":"taxable","12":"shipping-taxable","13":"purchasable","14":"product-type-simple"},"_links":{"self":[{"href":"https:\/\/casafreitas.pt\/loja\/wp-json\/wp\/v2\/product\/133449","targetHints":{"allow":["GET"]}}],"collection":[{"href":"https:\/\/casafreitas.pt\/loja\/wp-json\/wp\/v2\/product"}],"about":[{"href":"https:\/\/casafreitas.pt\/loja\/wp-json\/wp\/v2\/types\/product"}],"replies":[{"embeddable":true,"href":"https:\/\/casafreitas.pt\/loja\/wp-json\/wp\/v2\/comments?post=133449"}],"version-history":[{"count":1,"href":"https:\/\/casafreitas.pt\/loja\/wp-json\/wp\/v2\/product\/133449\/revisions"}],"predecessor-version":[{"id":133450,"href":"https:\/\/casafreitas.pt\/loja\/wp-json\/wp\/v2\/product\/133449\/revisions\/133450"}],"wp:featuredmedia":[{"embeddable":true,"href":"https:\/\/casafreitas.pt\/loja\/wp-json\/wp\/v2\/media\/133448"}],"wp:attachment":[{"href":"https:\/\/casafreitas.pt\/loja\/wp-json\/wp\/v2\/media?parent=133449"}],"wp:term":[{"taxonomy":"product_brand","embeddable":true,"href":"https:\/\/casafreitas.pt\/loja\/wp-json\/wp\/v2\/product_brand?post=133449"},{"taxonomy":"product_cat","embeddable":true,"href":"https:\/\/casafreitas.pt\/loja\/wp-json\/wp\/v2\/product_cat?post=133449"},{"taxonomy":"product_tag","embeddable":true,"href":"https:\/\/casafreitas.pt\/loja\/wp-json\/wp\/v2\/product_tag?post=133449"}],"curies":[{"name":"wp","href":"https:\/\/api.w.org\/{rel}","templated":true}]}}