{"id":133431,"date":"2025-11-25T22:04:56","date_gmt":"2025-11-25T22:04:56","guid":{"rendered":"https:\/\/casafreitas.pt\/loja\/produto\/foco-trabalho-quadrado-com-30-leds-2700-im-9-32-v-ip67\/"},"modified":"2025-11-25T22:04:57","modified_gmt":"2025-11-25T22:04:57","slug":"foco-trabalho-quadrado-com-30-leds-2700-im-9-32-v-ip67","status":"publish","type":"product","link":"https:\/\/casafreitas.pt\/loja\/produto\/foco-trabalho-quadrado-com-30-leds-2700-im-9-32-v-ip67\/","title":{"rendered":"Foco de trabalho quadrado com 30 leds; 2700 im; 9-32 v; ip67"},"content":{"rendered":"","protected":false},"excerpt":{"rendered":"<p>Foco de trabalho quadrado com 25w, 30 leds, fluxo luminoso 2700 im; luz fria 6.000k, tens\u00e3o de funcionamento 9 &#8211; 32 v; grau de prote\u00e7\u00e3o ip67. vida estimada 50000 h, interruptor traseiro; inclui suporte com kit de fixa\u00e7\u00e3o, dimens\u00f5es 11 x 3,5 x 10,5 cm<\/p>\n","protected":false},"featured_media":133430,"comment_status":"open","ping_status":"closed","template":"","meta":[],"product_brand":[],"product_cat":[17758,18005],"product_tag":[],"class_list":{"0":"post-133431","1":"product","2":"type-product","3":"status-publish","4":"has-post-thumbnail","6":"product_cat-iluminacao-desporto-e-campismo","7":"product_cat-desporto-campismo","9":"first","10":"instock","11":"taxable","12":"shipping-taxable","13":"purchasable","14":"product-type-simple"},"_links":{"self":[{"href":"https:\/\/casafreitas.pt\/loja\/wp-json\/wp\/v2\/product\/133431","targetHints":{"allow":["GET"]}}],"collection":[{"href":"https:\/\/casafreitas.pt\/loja\/wp-json\/wp\/v2\/product"}],"about":[{"href":"https:\/\/casafreitas.pt\/loja\/wp-json\/wp\/v2\/types\/product"}],"replies":[{"embeddable":true,"href":"https:\/\/casafreitas.pt\/loja\/wp-json\/wp\/v2\/comments?post=133431"}],"version-history":[{"count":1,"href":"https:\/\/casafreitas.pt\/loja\/wp-json\/wp\/v2\/product\/133431\/revisions"}],"predecessor-version":[{"id":133432,"href":"https:\/\/casafreitas.pt\/loja\/wp-json\/wp\/v2\/product\/133431\/revisions\/133432"}],"wp:featuredmedia":[{"embeddable":true,"href":"https:\/\/casafreitas.pt\/loja\/wp-json\/wp\/v2\/media\/133430"}],"wp:attachment":[{"href":"https:\/\/casafreitas.pt\/loja\/wp-json\/wp\/v2\/media?parent=133431"}],"wp:term":[{"taxonomy":"product_brand","embeddable":true,"href":"https:\/\/casafreitas.pt\/loja\/wp-json\/wp\/v2\/product_brand?post=133431"},{"taxonomy":"product_cat","embeddable":true,"href":"https:\/\/casafreitas.pt\/loja\/wp-json\/wp\/v2\/product_cat?post=133431"},{"taxonomy":"product_tag","embeddable":true,"href":"https:\/\/casafreitas.pt\/loja\/wp-json\/wp\/v2\/product_tag?post=133431"}],"curies":[{"name":"wp","href":"https:\/\/api.w.org\/{rel}","templated":true}]}}