{"id":133272,"date":"2025-11-24T22:08:24","date_gmt":"2025-11-24T22:08:24","guid":{"rendered":"https:\/\/casafreitas.pt\/loja\/produto\/cafeteiria-dakar-aluminio-nao-adequada-para-inducao-12-chavenas\/"},"modified":"2025-11-24T22:08:26","modified_gmt":"2025-11-24T22:08:26","slug":"cafeteiria-dakar-aluminio-nao-adequada-para-inducao-12-chavenas","status":"publish","type":"product","link":"https:\/\/casafreitas.pt\/loja\/produto\/cafeteiria-dakar-aluminio-nao-adequada-para-inducao-12-chavenas\/","title":{"rendered":"Cafeteiria dakar de alum\u00ednio, n\u00e3o adequada para indu\u00e7\u00e3o, 12 ch\u00e1venas"},"content":{"rendered":"","protected":false},"excerpt":{"rendered":"<p>Cafeteiria dakar de alum\u00ednio, 12 ch\u00e1venas, adequada para todos os tipos de fog\u00f5es, exceto indu\u00e7\u00e3o<\/p>\n","protected":false},"featured_media":133271,"comment_status":"open","ping_status":"closed","template":"","meta":[],"product_brand":[],"product_cat":[16784,8800],"product_tag":[],"class_list":{"0":"post-133272","1":"product","2":"type-product","3":"status-publish","4":"has-post-thumbnail","6":"product_cat-cafeteiras-bules-pequenos-domesticos-55","7":"product_cat-pequenos-domesticos","9":"first","10":"instock","11":"taxable","12":"shipping-taxable","13":"purchasable","14":"product-type-simple"},"_links":{"self":[{"href":"https:\/\/casafreitas.pt\/loja\/wp-json\/wp\/v2\/product\/133272","targetHints":{"allow":["GET"]}}],"collection":[{"href":"https:\/\/casafreitas.pt\/loja\/wp-json\/wp\/v2\/product"}],"about":[{"href":"https:\/\/casafreitas.pt\/loja\/wp-json\/wp\/v2\/types\/product"}],"replies":[{"embeddable":true,"href":"https:\/\/casafreitas.pt\/loja\/wp-json\/wp\/v2\/comments?post=133272"}],"version-history":[{"count":1,"href":"https:\/\/casafreitas.pt\/loja\/wp-json\/wp\/v2\/product\/133272\/revisions"}],"predecessor-version":[{"id":133273,"href":"https:\/\/casafreitas.pt\/loja\/wp-json\/wp\/v2\/product\/133272\/revisions\/133273"}],"wp:featuredmedia":[{"embeddable":true,"href":"https:\/\/casafreitas.pt\/loja\/wp-json\/wp\/v2\/media\/133271"}],"wp:attachment":[{"href":"https:\/\/casafreitas.pt\/loja\/wp-json\/wp\/v2\/media?parent=133272"}],"wp:term":[{"taxonomy":"product_brand","embeddable":true,"href":"https:\/\/casafreitas.pt\/loja\/wp-json\/wp\/v2\/product_brand?post=133272"},{"taxonomy":"product_cat","embeddable":true,"href":"https:\/\/casafreitas.pt\/loja\/wp-json\/wp\/v2\/product_cat?post=133272"},{"taxonomy":"product_tag","embeddable":true,"href":"https:\/\/casafreitas.pt\/loja\/wp-json\/wp\/v2\/product_tag?post=133272"}],"curies":[{"name":"wp","href":"https:\/\/api.w.org\/{rel}","templated":true}]}}