{"id":132843,"date":"2025-11-18T22:09:55","date_gmt":"2025-11-18T22:09:55","guid":{"rendered":"https:\/\/casafreitas.pt\/loja\/produto\/torneira-para-maquina-lavar-roupa-com-valvula-esfera-o%c2%bd-x-%c2%be-polegadas\/"},"modified":"2025-11-18T22:09:57","modified_gmt":"2025-11-18T22:09:57","slug":"torneira-para-maquina-lavar-roupa-com-valvula-esfera-o%c2%bd-x-%c2%be-polegadas","status":"publish","type":"product","link":"https:\/\/casafreitas.pt\/loja\/produto\/torneira-para-maquina-lavar-roupa-com-valvula-esfera-o%c2%bd-x-%c2%be-polegadas\/","title":{"rendered":"Torneira para m\u00e1quina de lavar roupa com v\u00e1lvula de esfera, \u00f8\u00bd x \u00be polegadas"},"content":{"rendered":"","protected":false},"excerpt":{"rendered":"<p>Torneira para m\u00e1quina de lavar roupa com v\u00e1lvula de esfera \u00f8\u00bd x \u00be polegadas; corpo em lat\u00e3o cromado cw617n, bot\u00e3o em abs cromado, v\u00e1lvula de esfera, placa de acabamento em inox; rosca iso 228\/1 (din 259), fecho r\u00e1pido (1\/4 de volta), press\u00e3o m\u00e1xima de trabalho 10 bar (150 psi), testada a 25 bar (350 psi), entre 0 e 95 \u00b0c; tanto para \u00e1gua quente como para \u00e1gua fria; mecanismo de v\u00e1lvula de canto anticalc\u00e1rio em pl\u00e1stico<\/p>\n","protected":false},"featured_media":132842,"comment_status":"open","ping_status":"closed","template":"","meta":[],"product_brand":[],"product_cat":[17662,18004],"product_tag":[18167],"class_list":{"0":"post-132843","1":"product","2":"type-product","3":"status-publish","4":"has-post-thumbnail","6":"product_cat-torneiras-de-lavar-torneiras-de-servico-construcao","7":"product_cat-construcao","8":"product_tag-mt","10":"first","11":"instock","12":"taxable","13":"shipping-taxable","14":"purchasable","15":"product-type-simple"},"_links":{"self":[{"href":"https:\/\/casafreitas.pt\/loja\/wp-json\/wp\/v2\/product\/132843","targetHints":{"allow":["GET"]}}],"collection":[{"href":"https:\/\/casafreitas.pt\/loja\/wp-json\/wp\/v2\/product"}],"about":[{"href":"https:\/\/casafreitas.pt\/loja\/wp-json\/wp\/v2\/types\/product"}],"replies":[{"embeddable":true,"href":"https:\/\/casafreitas.pt\/loja\/wp-json\/wp\/v2\/comments?post=132843"}],"version-history":[{"count":1,"href":"https:\/\/casafreitas.pt\/loja\/wp-json\/wp\/v2\/product\/132843\/revisions"}],"predecessor-version":[{"id":132844,"href":"https:\/\/casafreitas.pt\/loja\/wp-json\/wp\/v2\/product\/132843\/revisions\/132844"}],"wp:featuredmedia":[{"embeddable":true,"href":"https:\/\/casafreitas.pt\/loja\/wp-json\/wp\/v2\/media\/132842"}],"wp:attachment":[{"href":"https:\/\/casafreitas.pt\/loja\/wp-json\/wp\/v2\/media?parent=132843"}],"wp:term":[{"taxonomy":"product_brand","embeddable":true,"href":"https:\/\/casafreitas.pt\/loja\/wp-json\/wp\/v2\/product_brand?post=132843"},{"taxonomy":"product_cat","embeddable":true,"href":"https:\/\/casafreitas.pt\/loja\/wp-json\/wp\/v2\/product_cat?post=132843"},{"taxonomy":"product_tag","embeddable":true,"href":"https:\/\/casafreitas.pt\/loja\/wp-json\/wp\/v2\/product_tag?post=132843"}],"curies":[{"name":"wp","href":"https:\/\/api.w.org\/{rel}","templated":true}]}}