{"id":132722,"date":"2025-11-15T22:15:47","date_gmt":"2025-11-15T22:15:47","guid":{"rendered":"https:\/\/casafreitas.pt\/loja\/produto\/rosca-vedacao-ptfe-160-m\/"},"modified":"2025-11-15T22:15:49","modified_gmt":"2025-11-15T22:15:49","slug":"rosca-vedacao-ptfe-160-m","status":"publish","type":"product","link":"https:\/\/casafreitas.pt\/loja\/produto\/rosca-vedacao-ptfe-160-m\/","title":{"rendered":"Rosca de veda\u00e7\u00e3o ptfe 160 m"},"content":{"rendered":"","protected":false},"excerpt":{"rendered":"<p>Rosca de veda\u00e7\u00e3o de ptfe, 160 m. certifica\u00e7\u00e3o rohs. fabricada conforme a norma en 751-2. adequada para: \u00e1gua quente e fria, \u00e1gua pot\u00e1vel e g\u00e1s. temperatura m\u00ednima: -20 \u00b0c. temperatura m\u00e1xima: 150 \u00b0c.<\/p>\n","protected":false},"featured_media":132721,"comment_status":"open","ping_status":"closed","template":"","meta":[],"product_brand":[],"product_cat":[17571,18004],"product_tag":[12491],"class_list":{"0":"post-132722","1":"product","2":"type-product","3":"status-publish","4":"has-post-thumbnail","6":"product_cat-fita-ptfe-construcao","7":"product_cat-construcao","8":"product_tag-verhal","10":"first","11":"instock","12":"taxable","13":"shipping-taxable","14":"purchasable","15":"product-type-simple"},"_links":{"self":[{"href":"https:\/\/casafreitas.pt\/loja\/wp-json\/wp\/v2\/product\/132722","targetHints":{"allow":["GET"]}}],"collection":[{"href":"https:\/\/casafreitas.pt\/loja\/wp-json\/wp\/v2\/product"}],"about":[{"href":"https:\/\/casafreitas.pt\/loja\/wp-json\/wp\/v2\/types\/product"}],"replies":[{"embeddable":true,"href":"https:\/\/casafreitas.pt\/loja\/wp-json\/wp\/v2\/comments?post=132722"}],"version-history":[{"count":1,"href":"https:\/\/casafreitas.pt\/loja\/wp-json\/wp\/v2\/product\/132722\/revisions"}],"predecessor-version":[{"id":132723,"href":"https:\/\/casafreitas.pt\/loja\/wp-json\/wp\/v2\/product\/132722\/revisions\/132723"}],"wp:featuredmedia":[{"embeddable":true,"href":"https:\/\/casafreitas.pt\/loja\/wp-json\/wp\/v2\/media\/132721"}],"wp:attachment":[{"href":"https:\/\/casafreitas.pt\/loja\/wp-json\/wp\/v2\/media?parent=132722"}],"wp:term":[{"taxonomy":"product_brand","embeddable":true,"href":"https:\/\/casafreitas.pt\/loja\/wp-json\/wp\/v2\/product_brand?post=132722"},{"taxonomy":"product_cat","embeddable":true,"href":"https:\/\/casafreitas.pt\/loja\/wp-json\/wp\/v2\/product_cat?post=132722"},{"taxonomy":"product_tag","embeddable":true,"href":"https:\/\/casafreitas.pt\/loja\/wp-json\/wp\/v2\/product_tag?post=132722"}],"curies":[{"name":"wp","href":"https:\/\/api.w.org\/{rel}","templated":true}]}}