{"id":132713,"date":"2025-11-15T22:13:59","date_gmt":"2025-11-15T22:13:59","guid":{"rendered":"https:\/\/casafreitas.pt\/loja\/produto\/2-em-1-flutuador\/"},"modified":"2025-11-15T22:14:01","modified_gmt":"2025-11-15T22:14:01","slug":"2-em-1-flutuador","status":"publish","type":"product","link":"https:\/\/casafreitas.pt\/loja\/produto\/2-em-1-flutuador\/","title":{"rendered":"2 em 1 flutuador"},"content":{"rendered":"","protected":false},"excerpt":{"rendered":"<p>Flutuador 2 em 1. adequado para instala\u00e7\u00e3o inferior ou lateral. conex\u00e3o de lat\u00e3o: 3\/8 pol. press\u00e3o da \u00e1gua: 0,10 &#8211; 10 bar. silencioso e r\u00e1pido. fornecido em embalagem individual com cabide.<\/p>\n","protected":false},"featured_media":132712,"comment_status":"open","ping_status":"closed","template":"","meta":[],"product_brand":[],"product_cat":[17610,18004],"product_tag":[12491],"class_list":{"0":"post-132713","1":"product","2":"type-product","3":"status-publish","4":"has-post-thumbnail","6":"product_cat-mecanismo-cisterna-construcao","7":"product_cat-construcao","8":"product_tag-verhal","10":"first","11":"instock","12":"taxable","13":"shipping-taxable","14":"purchasable","15":"product-type-simple"},"_links":{"self":[{"href":"https:\/\/casafreitas.pt\/loja\/wp-json\/wp\/v2\/product\/132713","targetHints":{"allow":["GET"]}}],"collection":[{"href":"https:\/\/casafreitas.pt\/loja\/wp-json\/wp\/v2\/product"}],"about":[{"href":"https:\/\/casafreitas.pt\/loja\/wp-json\/wp\/v2\/types\/product"}],"replies":[{"embeddable":true,"href":"https:\/\/casafreitas.pt\/loja\/wp-json\/wp\/v2\/comments?post=132713"}],"version-history":[{"count":1,"href":"https:\/\/casafreitas.pt\/loja\/wp-json\/wp\/v2\/product\/132713\/revisions"}],"predecessor-version":[{"id":132714,"href":"https:\/\/casafreitas.pt\/loja\/wp-json\/wp\/v2\/product\/132713\/revisions\/132714"}],"wp:featuredmedia":[{"embeddable":true,"href":"https:\/\/casafreitas.pt\/loja\/wp-json\/wp\/v2\/media\/132712"}],"wp:attachment":[{"href":"https:\/\/casafreitas.pt\/loja\/wp-json\/wp\/v2\/media?parent=132713"}],"wp:term":[{"taxonomy":"product_brand","embeddable":true,"href":"https:\/\/casafreitas.pt\/loja\/wp-json\/wp\/v2\/product_brand?post=132713"},{"taxonomy":"product_cat","embeddable":true,"href":"https:\/\/casafreitas.pt\/loja\/wp-json\/wp\/v2\/product_cat?post=132713"},{"taxonomy":"product_tag","embeddable":true,"href":"https:\/\/casafreitas.pt\/loja\/wp-json\/wp\/v2\/product_tag?post=132713"}],"curies":[{"name":"wp","href":"https:\/\/api.w.org\/{rel}","templated":true}]}}