{"id":132695,"date":"2025-11-15T22:10:23","date_gmt":"2025-11-15T22:10:23","guid":{"rendered":"https:\/\/casafreitas.pt\/loja\/produto\/manga-extensivel-para-vaso-sanitario-200-350-mm\/"},"modified":"2025-11-15T22:10:25","modified_gmt":"2025-11-15T22:10:25","slug":"manga-extensivel-para-vaso-sanitario-200-350-mm","status":"publish","type":"product","link":"https:\/\/casafreitas.pt\/loja\/produto\/manga-extensivel-para-vaso-sanitario-200-350-mm\/","title":{"rendered":"Manga extens\u00edvel para vaso sanit\u00e1rio de 200 a 350 mm"},"content":{"rendered":"","protected":false},"excerpt":{"rendered":"<p>Manga extens\u00edvel para vaso sanit\u00e1rio de 200 a 350 mm. fio de refor\u00e7o em a\u00e7o inoxid\u00e1vel<\/p>\n","protected":false},"featured_media":132694,"comment_status":"open","ping_status":"closed","template":"","meta":[],"product_brand":[],"product_cat":[17546,18004],"product_tag":[12491],"class_list":{"0":"post-132695","1":"product","2":"type-product","3":"status-publish","4":"has-post-thumbnail","6":"product_cat-dreno-construcao","7":"product_cat-construcao","8":"product_tag-verhal","10":"first","11":"instock","12":"taxable","13":"shipping-taxable","14":"purchasable","15":"product-type-simple"},"_links":{"self":[{"href":"https:\/\/casafreitas.pt\/loja\/wp-json\/wp\/v2\/product\/132695","targetHints":{"allow":["GET"]}}],"collection":[{"href":"https:\/\/casafreitas.pt\/loja\/wp-json\/wp\/v2\/product"}],"about":[{"href":"https:\/\/casafreitas.pt\/loja\/wp-json\/wp\/v2\/types\/product"}],"replies":[{"embeddable":true,"href":"https:\/\/casafreitas.pt\/loja\/wp-json\/wp\/v2\/comments?post=132695"}],"version-history":[{"count":1,"href":"https:\/\/casafreitas.pt\/loja\/wp-json\/wp\/v2\/product\/132695\/revisions"}],"predecessor-version":[{"id":132696,"href":"https:\/\/casafreitas.pt\/loja\/wp-json\/wp\/v2\/product\/132695\/revisions\/132696"}],"wp:featuredmedia":[{"embeddable":true,"href":"https:\/\/casafreitas.pt\/loja\/wp-json\/wp\/v2\/media\/132694"}],"wp:attachment":[{"href":"https:\/\/casafreitas.pt\/loja\/wp-json\/wp\/v2\/media?parent=132695"}],"wp:term":[{"taxonomy":"product_brand","embeddable":true,"href":"https:\/\/casafreitas.pt\/loja\/wp-json\/wp\/v2\/product_brand?post=132695"},{"taxonomy":"product_cat","embeddable":true,"href":"https:\/\/casafreitas.pt\/loja\/wp-json\/wp\/v2\/product_cat?post=132695"},{"taxonomy":"product_tag","embeddable":true,"href":"https:\/\/casafreitas.pt\/loja\/wp-json\/wp\/v2\/product_tag?post=132695"}],"curies":[{"name":"wp","href":"https:\/\/api.w.org\/{rel}","templated":true}]}}