{"id":132686,"date":"2025-11-15T22:08:36","date_gmt":"2025-11-15T22:08:36","guid":{"rendered":"https:\/\/casafreitas.pt\/loja\/produto\/encaixe-mangueira-para-torneira-jardim-eco-%c2%bd-x-%c2%be-pol-selavel\/"},"modified":"2025-11-15T22:08:38","modified_gmt":"2025-11-15T22:08:38","slug":"encaixe-mangueira-para-torneira-jardim-eco-%c2%bd-x-%c2%be-pol-selavel","status":"publish","type":"product","link":"https:\/\/casafreitas.pt\/loja\/produto\/encaixe-mangueira-para-torneira-jardim-eco-%c2%bd-x-%c2%be-pol-selavel\/","title":{"rendered":"Encaixe de mangueira para torneira de jardim eco \u00bd x \u00be pol sel\u00e1vel"},"content":{"rendered":"","protected":false},"excerpt":{"rendered":"<p>Torneira ecol\u00f3gica para jardim com conex\u00e3o para mangueira ved\u00e1vel de \u00bd x \u00be pol. temperatura m\u00e1xima: 75 \u00b0c. juntas de nbr, assento de teflon. entrada de g\u00e1s com rosca. fecho de 1\/4 de volta. corpo: lat\u00e3o niquelado. al\u00e7a: a\u00e7o cromado.<\/p>\n","protected":false},"featured_media":132685,"comment_status":"open","ping_status":"closed","template":"","meta":[],"product_brand":[],"product_cat":[17662,18004],"product_tag":[12491],"class_list":{"0":"post-132686","1":"product","2":"type-product","3":"status-publish","4":"has-post-thumbnail","6":"product_cat-torneiras-de-lavar-torneiras-de-servico-construcao","7":"product_cat-construcao","8":"product_tag-verhal","10":"first","11":"instock","12":"taxable","13":"shipping-taxable","14":"purchasable","15":"product-type-simple"},"_links":{"self":[{"href":"https:\/\/casafreitas.pt\/loja\/wp-json\/wp\/v2\/product\/132686","targetHints":{"allow":["GET"]}}],"collection":[{"href":"https:\/\/casafreitas.pt\/loja\/wp-json\/wp\/v2\/product"}],"about":[{"href":"https:\/\/casafreitas.pt\/loja\/wp-json\/wp\/v2\/types\/product"}],"replies":[{"embeddable":true,"href":"https:\/\/casafreitas.pt\/loja\/wp-json\/wp\/v2\/comments?post=132686"}],"version-history":[{"count":1,"href":"https:\/\/casafreitas.pt\/loja\/wp-json\/wp\/v2\/product\/132686\/revisions"}],"predecessor-version":[{"id":132687,"href":"https:\/\/casafreitas.pt\/loja\/wp-json\/wp\/v2\/product\/132686\/revisions\/132687"}],"wp:featuredmedia":[{"embeddable":true,"href":"https:\/\/casafreitas.pt\/loja\/wp-json\/wp\/v2\/media\/132685"}],"wp:attachment":[{"href":"https:\/\/casafreitas.pt\/loja\/wp-json\/wp\/v2\/media?parent=132686"}],"wp:term":[{"taxonomy":"product_brand","embeddable":true,"href":"https:\/\/casafreitas.pt\/loja\/wp-json\/wp\/v2\/product_brand?post=132686"},{"taxonomy":"product_cat","embeddable":true,"href":"https:\/\/casafreitas.pt\/loja\/wp-json\/wp\/v2\/product_cat?post=132686"},{"taxonomy":"product_tag","embeddable":true,"href":"https:\/\/casafreitas.pt\/loja\/wp-json\/wp\/v2\/product_tag?post=132686"}],"curies":[{"name":"wp","href":"https:\/\/api.w.org\/{rel}","templated":true}]}}