{"id":131784,"date":"2025-11-05T22:57:54","date_gmt":"2025-11-05T22:57:54","guid":{"rendered":"https:\/\/casafreitas.pt\/loja\/produto\/pilar-baloes-51-pecas-modelos-sortidos\/"},"modified":"2025-11-05T22:57:56","modified_gmt":"2025-11-05T22:57:56","slug":"pilar-baloes-51-pecas-modelos-sortidos","status":"publish","type":"product","link":"https:\/\/casafreitas.pt\/loja\/produto\/pilar-baloes-51-pecas-modelos-sortidos\/","title":{"rendered":"Pilar de bal\u00f5es 51 pe\u00e7as, modelos sortidos"},"content":{"rendered":"","protected":false},"excerpt":{"rendered":"<p>Pilar de bal\u00f5es composto por 1 bal\u00e3o de alum\u00ednio de 45 cm, 32 bal\u00f5es de l\u00e1tex de 30 cm, suporte com enchimento de \u00e1gua de \u00f820,5 cm, 3 conectores de pl\u00e1stico, 4 tubos de pl\u00e1stico de 29 cm, 1 conector superior de pl\u00e1stico, 8 conectores para bal\u00f5es e instru\u00e7\u00f5es, 51 pe\u00e7as, modelos sortidos<\/p>\n","protected":false},"featured_media":131783,"comment_status":"open","ping_status":"closed","template":"","meta":[],"product_brand":[],"product_cat":[12506,18003],"product_tag":[],"class_list":{"0":"post-131784","1":"product","2":"type-product","3":"status-publish","4":"has-post-thumbnail","6":"product_cat-acessorios-para-festa","7":"product_cat-casa-decoracao","9":"first","10":"instock","11":"taxable","12":"shipping-taxable","13":"purchasable","14":"product-type-simple"},"_links":{"self":[{"href":"https:\/\/casafreitas.pt\/loja\/wp-json\/wp\/v2\/product\/131784","targetHints":{"allow":["GET"]}}],"collection":[{"href":"https:\/\/casafreitas.pt\/loja\/wp-json\/wp\/v2\/product"}],"about":[{"href":"https:\/\/casafreitas.pt\/loja\/wp-json\/wp\/v2\/types\/product"}],"replies":[{"embeddable":true,"href":"https:\/\/casafreitas.pt\/loja\/wp-json\/wp\/v2\/comments?post=131784"}],"version-history":[{"count":1,"href":"https:\/\/casafreitas.pt\/loja\/wp-json\/wp\/v2\/product\/131784\/revisions"}],"predecessor-version":[{"id":131785,"href":"https:\/\/casafreitas.pt\/loja\/wp-json\/wp\/v2\/product\/131784\/revisions\/131785"}],"wp:featuredmedia":[{"embeddable":true,"href":"https:\/\/casafreitas.pt\/loja\/wp-json\/wp\/v2\/media\/131783"}],"wp:attachment":[{"href":"https:\/\/casafreitas.pt\/loja\/wp-json\/wp\/v2\/media?parent=131784"}],"wp:term":[{"taxonomy":"product_brand","embeddable":true,"href":"https:\/\/casafreitas.pt\/loja\/wp-json\/wp\/v2\/product_brand?post=131784"},{"taxonomy":"product_cat","embeddable":true,"href":"https:\/\/casafreitas.pt\/loja\/wp-json\/wp\/v2\/product_cat?post=131784"},{"taxonomy":"product_tag","embeddable":true,"href":"https:\/\/casafreitas.pt\/loja\/wp-json\/wp\/v2\/product_tag?post=131784"}],"curies":[{"name":"wp","href":"https:\/\/api.w.org\/{rel}","templated":true}]}}